{"id":247,"date":"2014-11-20T11:27:52","date_gmt":"2014-11-20T10:27:52","guid":{"rendered":"http:\/\/fundacja.tylda.pl\/?page_id=247"},"modified":"2017-11-28T14:14:51","modified_gmt":"2017-11-28T13:14:51","slug":"o-fundacji-2","status":"publish","type":"page","link":"http:\/\/fundacja50plus.pl\/?page_id=247","title":{"rendered":"O fundacji"},"content":{"rendered":"<div class=\"tlo_div\">\n<h3 style=\"text-align: justify;\"><strong>Idea powstania Fundacji<\/strong><\/h3>\n<p style=\"text-align: justify;\">Przy obecnym systemie prawnym i ekonomicznym<span style=\"color: #faee85;\"> <strong>grupa os\u00f3b 50+<\/strong> <\/span>\/ oceniana jako mniej wydajna, nie pod\u0105\u017caj\u0105ca za zmianami , b\u0119dzie w trwa\u0142y spos\u00f3b zasila\u0107 rzesze bezrobotnych. Powoduje to znaczne k\u0142opoty dla bud\u017cetu pa\u0144stwa, destabilizuje system emerytalny, ma kolosalny wp\u0142yw na nastroje spo\u0142eczne.<\/p>\n<p style=\"text-align: justify;\"><span style=\"color: #faee85;\"><strong>Dla grupy 50+<\/strong><\/span> nie stworzono w\u0142a\u015bciwie \u017cadnych instytucji wspomagaj\u0105cych mo\u017cliwo\u015b\u0107 aktywizacji spo\u0142ecznej i zawodowej, jak : program\u00f3w integracyjnych, rozwoju zainteresowa\u0144, organ\u00f3w przedstawicielskich, sta\u0142ej pracy etatowej, pracy sezonowej lub dorywczej, czy pomocy w za\u0142o\u017ceniu w\u0142asnego biznesu \u2013 przy wykorzystaniu specyfiki tej grupy, jak : do\u015bwiadczenie zawodowe i \u017cyciowe, odpowiedzialno\u015b\u0107, sumienno\u015b\u0107, zdyscyplinowanie, rozs\u0105dne wymagania finansowe, itp.<\/p>\n<p style=\"text-align: justify;\">Zwi\u0119kszenie populacji os\u00f3b starszych oznacza nie tylko zmiany spo\u0142eczno-kulturowe, ale te\u017c niesie za sob\u0105 konieczno\u015b\u0107 kszta\u0142towania pod tym k\u0105tem innej polityki publicznej. <span style=\"color: #faee85;\"><strong>Tak liczna grupa nie mo\u017ce pozosta\u0107 na marginesie proces\u00f3w, zawodowych, spo\u0142ecznych i dialogu obywatelskiego. To si\u0119 nikomu nie op\u0142aca, a w\u0142\u0105czenie senior\u00f3w w podejmowanie decyzji ich dotycz\u0105cych powinno by\u0107 wa\u017cnym celem pa\u0144stwa.<\/strong><\/span><\/p>\n<p style=\"text-align: justify;\">Dlatego powsta\u0142a<span style=\"color: #faee85;\"><strong> Fundacja Centrum Przedsi\u0119biorczo\u015bci i Innowacji 50+<\/strong> <\/span>ukierunkowana przede wszystkim na funkcjonowanie na rzecz os\u00f3b z grupy 50+ zarejestrowana pod nr <strong>KRS 0000492289.<\/strong><\/p>\n<p style=\"text-align: justify;\"><span style=\"color: #faee85;\"><strong>Fundacja jest apolityczna, nie jest nastawiona na zysk i ma osobowo\u015b\u0107 prawn\u0105. Fundacj\u0105 kieruje Zarz\u0105d i Rada Fundacji, a nadz\u00f3r nad jej dzia\u0142alno\u015bci\u0105 sprawuje Minister Pracy i Polityki Spo\u0142ecznej.<\/strong><\/span><\/p>\n<p>Do pobrania :<\/p>\n<p><a title=\"KRS \u2013 rejestr przedsi\u0119biorc\u00f3w\" href=\"http:\/\/fundacja50plus.pl\/wp-content\/uploads\/2014\/11\/e2076c29c9a6276cb86b67d17b54a13f.pdf\" target=\"_blank\" rel=\"noopener\">KRS \u2013 rejestr przedsi\u0119biorc\u00f3w<\/a><br \/>\n<a title=\"KRS \u2013 rejestr stowarzysze\u0144\" href=\"http:\/\/fundacja50plus.pl\/wp-content\/uploads\/2014\/11\/5ac6e224634cef547291a2e59990cd25.pdf\" target=\"_blank\" rel=\"noopener\">KRS \u2013 rejestr stowarzysze\u0144<\/a><br \/>\n<a title=\"NIP\" href=\"http:\/\/fundacja50plus.pl\/wp-content\/uploads\/2014\/11\/NIP.pdf\" target=\"_blank\" rel=\"noopener\">NIP<\/a><br \/>\n<a title=\"REGON\" href=\"http:\/\/fundacja50plus.pl\/wp-content\/uploads\/2014\/11\/REGON.pdf\" target=\"_blank\" rel=\"noopener\">REGON<\/a><br \/>\n<a title=\"Statut Fundacji\" href=\"http:\/\/fundacja50plus.pl\/wp-content\/uploads\/2014\/11\/Statut-Fundacji.pdf\" target=\"_blank\" rel=\"noopener\">Statut Fundacji<\/a><br \/>\n<a title=\"Ustawa o fundacjach\" href=\"http:\/\/fundacja50plus.pl\/wp-content\/uploads\/2014\/11\/USTAWA-o-fundacjach-z-dnia-6-kwietnia-1984-r.pdf\" target=\"_blank\" rel=\"noopener\">Ustawa o fundacjach<\/a><br \/>\n<a title=\"Ustawa o po\u017cytku publicznym i wolontariacie\" href=\"http:\/\/fundacja50plus.pl\/wp-content\/uploads\/2014\/11\/Ustawa-o-po-ytku-publicznym.pdf\" target=\"_blank\" rel=\"noopener\">Ustawa o po\u017cytku publicznym i wolontariacie<\/a><\/p>\n<\/div>\n","protected":false},"excerpt":{"rendered":"<p>Idea powstania Fundacji Przy obecnym systemie prawnym i ekonomicznym grupa os\u00f3b 50+ \/ oceniana jako mniej wydajna, nie pod\u0105\u017caj\u0105ca za zmianami , b\u0119dzie w trwa\u0142y spos\u00f3b zasila\u0107 rzesze bezrobotnych. Powoduje to znaczne k\u0142opoty dla bud\u017cetu pa\u0144stwa, destabilizuje system emerytalny, ma kolosalny wp\u0142yw na nastroje spo\u0142eczne. Dla grupy 50+ nie stworzono w\u0142a\u015bciwie \u017cadnych instytucji wspomagaj\u0105cych mo\u017cliwo\u015b\u0107 aktywizacji spo\u0142ecznej i zawodowej, jak : program\u00f3w integracyjnych, rozwoju zainteresowa\u0144, organ\u00f3w przedstawicielskich, sta\u0142ej pracy etatowej, pracy sezonowej lub dorywczej, czy pomocy w za\u0142o\u017ceniu w\u0142asnego biznesu \u2013 przy wykorzystaniu specyfiki tej grupy, jak : do\u015bwiadczenie zawodowe i \u017cyciowe, odpowiedzialno\u015b\u0107, sumienno\u015b\u0107, zdyscyplinowanie, rozs\u0105dne wymagania finansowe, itp. Zwi\u0119kszenie populacji os\u00f3b starszych oznacza nie tylko zmiany spo\u0142eczno-kulturowe, ale te\u017c [&hellip;]<\/p>\n","protected":false},"author":1,"featured_media":0,"parent":0,"menu_order":2,"comment_status":"closed","ping_status":"open","template":"","meta":{"footnotes":""},"class_list":["post-247","page","type-page","status-publish","hentry"],"_links":{"self":[{"href":"http:\/\/fundacja50plus.pl\/index.php?rest_route=\/wp\/v2\/pages\/247","targetHints":{"allow":["GET"]}}],"collection":[{"href":"http:\/\/fundacja50plus.pl\/index.php?rest_route=\/wp\/v2\/pages"}],"about":[{"href":"http:\/\/fundacja50plus.pl\/index.php?rest_route=\/wp\/v2\/types\/page"}],"author":[{"embeddable":true,"href":"http:\/\/fundacja50plus.pl\/index.php?rest_route=\/wp\/v2\/users\/1"}],"replies":[{"embeddable":true,"href":"http:\/\/fundacja50plus.pl\/index.php?rest_route=%2Fwp%2Fv2%2Fcomments&post=247"}],"version-history":[{"count":5,"href":"http:\/\/fundacja50plus.pl\/index.php?rest_route=\/wp\/v2\/pages\/247\/revisions"}],"predecessor-version":[{"id":651,"href":"http:\/\/fundacja50plus.pl\/index.php?rest_route=\/wp\/v2\/pages\/247\/revisions\/651"}],"wp:attachment":[{"href":"http:\/\/fundacja50plus.pl\/index.php?rest_route=%2Fwp%2Fv2%2Fmedia&parent=247"}],"curies":[{"name":"wp","href":"https:\/\/api.w.org\/{rel}","templated":true}]}}