{"id":248,"date":"2014-11-20T11:27:53","date_gmt":"2014-11-20T10:27:53","guid":{"rendered":"http:\/\/fundacja.tylda.pl\/?page_id=248"},"modified":"2014-11-21T14:11:50","modified_gmt":"2014-11-21T13:11:50","slug":"nasze-cele-2","status":"publish","type":"page","link":"http:\/\/fundacja50plus.pl\/?page_id=248","title":{"rendered":"Nasze cele"},"content":{"rendered":"<div class=\"tlo_div\">\n<p style=\"text-align: justify;\"><strong>Celem Fundacji jest aktywizacja gospodarcza, zawodowa i spo\u0142eczna os\u00f3b w grupie wiekowej\u00a0<\/strong><strong>50+ oraz udzia\u0142 w realizacji lub tworzeniu podstaw wszelkiego rodzaju europejskich, rz\u0105dowych i samorz\u0105dowych program\u00f3w zwi\u0105zanych ze zwi\u0119kszaniem mo\u017cliwo\u015bci zatrudnienia i aktywno\u015bci tych os\u00f3b, a tak\u017ce wszelkie dzia\u0142ania integracyjne i inicjatywne w spo\u0142eczno\u015bci lokalnej <\/strong>\u2013 poprzez, mi\u0119dzy innymi:<\/p>\n<ul style=\"list-style-type: disc;\">\n<li style=\"text-align: justify;\">wsp\u00f3\u0142prac\u0119 z Urz\u0119dami Pracy, Wojew\u00f3dzk\u0105 Rad\u0105 Zatrudnienia, pracodawcami i otoczeniem biznesowym w zagospodarowaniu ch\u0119tnych do podj\u0119cia zatrudnienia, tak\u017ce poprzez dzia\u0142alno\u015b\u0107 agencji zatrudnienia<\/li>\n<li style=\"text-align: justify;\">pomoc w za\u0142o\u017ceniu dzia\u0142alno\u015bci gospodarczej i jej pocz\u0105tkowym okresie poprzez dzia\u0142alno\u015b\u0107 doradcz\u0105 i Inkubator Przedsi\u0119biorstwa<\/li>\n<li style=\"text-align: justify;\">stworzenie profesjonalnego, mobilnego Banku Fachowc\u00f3w do prac zleconych, dorywczych, nietypowych,\u00a0 sezonowych, w niepe\u0142nym etacie, itp.<\/li>\n<li style=\"text-align: justify;\">stworzenie interaktywnego Banku Zainteresowa\u0144 i Pomys\u0142\u00f3w dla aktywnych, tw\u00f3rczych ludzi z pasj\u0105<\/li>\n<li style=\"text-align: justify;\">szkolenie pracownik\u00f3w na zapotrzebowanie rynku\u00a0 pracy i konkretnych pracodawc\u00f3w, w tym na specjalistycznych Symulatorach Przedsi\u0119biorstwa<\/li>\n<li style=\"text-align: justify;\">dzia\u0142anie na rzecz integracji zawodowej i spo\u0142ecznej, w tym tak\u017ce rozwoju ekonomii spo\u0142ecznej, \u00a0solidarno\u015bci pokole\u0144 i opieki nad seniorami<\/li>\n<li style=\"text-align: justify;\">wspieranie dzia\u0142alno\u015bci innowacyjnej, dzia\u0142ania na rzecz ochrony \u015brodowiska, wspieranie postaw aktywnego rozwoju spo\u0142ecze\u0144stwa obywatelskiego<\/li>\n<li style=\"text-align: justify;\">dzia\u0142anie na rzecz spo\u0142eczno\u015bci lokalnych, promocji aktywno\u015bci os\u00f3b starszych, wolontariatu, prowadzenie dzia\u0142alno\u015bci reklamowej i wydawniczej w zakresie statutowym, itp.<\/li>\n<\/ul>\n<\/div>\n","protected":false},"excerpt":{"rendered":"<p>Celem Fundacji jest aktywizacja gospodarcza, zawodowa i spo\u0142eczna os\u00f3b w grupie wiekowej\u00a050+ oraz udzia\u0142 w realizacji lub tworzeniu podstaw wszelkiego rodzaju europejskich, rz\u0105dowych i samorz\u0105dowych program\u00f3w zwi\u0105zanych ze zwi\u0119kszaniem mo\u017cliwo\u015bci zatrudnienia i aktywno\u015bci tych os\u00f3b, a tak\u017ce wszelkie dzia\u0142ania integracyjne i inicjatywne w spo\u0142eczno\u015bci lokalnej \u2013 poprzez, mi\u0119dzy innymi: wsp\u00f3\u0142prac\u0119 z Urz\u0119dami Pracy, Wojew\u00f3dzk\u0105 Rad\u0105 Zatrudnienia, pracodawcami i otoczeniem biznesowym w zagospodarowaniu ch\u0119tnych do podj\u0119cia zatrudnienia, tak\u017ce poprzez dzia\u0142alno\u015b\u0107 agencji zatrudnienia pomoc w za\u0142o\u017ceniu dzia\u0142alno\u015bci gospodarczej i jej pocz\u0105tkowym okresie poprzez dzia\u0142alno\u015b\u0107 doradcz\u0105 i Inkubator Przedsi\u0119biorstwa stworzenie profesjonalnego, mobilnego Banku Fachowc\u00f3w do prac zleconych, dorywczych, nietypowych,\u00a0 sezonowych, w niepe\u0142nym etacie, itp. stworzenie interaktywnego Banku Zainteresowa\u0144 i Pomys\u0142\u00f3w dla aktywnych, tw\u00f3rczych [&hellip;]<\/p>\n","protected":false},"author":1,"featured_media":0,"parent":0,"menu_order":3,"comment_status":"closed","ping_status":"open","template":"","meta":{"footnotes":""},"class_list":["post-248","page","type-page","status-publish","hentry"],"_links":{"self":[{"href":"http:\/\/fundacja50plus.pl\/index.php?rest_route=\/wp\/v2\/pages\/248","targetHints":{"allow":["GET"]}}],"collection":[{"href":"http:\/\/fundacja50plus.pl\/index.php?rest_route=\/wp\/v2\/pages"}],"about":[{"href":"http:\/\/fundacja50plus.pl\/index.php?rest_route=\/wp\/v2\/types\/page"}],"author":[{"embeddable":true,"href":"http:\/\/fundacja50plus.pl\/index.php?rest_route=\/wp\/v2\/users\/1"}],"replies":[{"embeddable":true,"href":"http:\/\/fundacja50plus.pl\/index.php?rest_route=%2Fwp%2Fv2%2Fcomments&post=248"}],"version-history":[{"count":3,"href":"http:\/\/fundacja50plus.pl\/index.php?rest_route=\/wp\/v2\/pages\/248\/revisions"}],"predecessor-version":[{"id":317,"href":"http:\/\/fundacja50plus.pl\/index.php?rest_route=\/wp\/v2\/pages\/248\/revisions\/317"}],"wp:attachment":[{"href":"http:\/\/fundacja50plus.pl\/index.php?rest_route=%2Fwp%2Fv2%2Fmedia&parent=248"}],"curies":[{"name":"wp","href":"https:\/\/api.w.org\/{rel}","templated":true}]}}