{"id":249,"date":"2014-11-20T11:27:54","date_gmt":"2014-11-20T10:27:54","guid":{"rendered":"http:\/\/fundacja.tylda.pl\/?page_id=249"},"modified":"2019-02-21T14:50:50","modified_gmt":"2019-02-21T13:50:50","slug":"kontakt-2","status":"publish","type":"page","link":"http:\/\/fundacja50plus.pl\/?page_id=249","title":{"rendered":"Kontakt"},"content":{"rendered":"<div class=\"tlo_calosc_2\">\n<p><iframe loading=\"lazy\" style=\"border: 0;\" src=\"https:\/\/www.google.com\/maps\/embed?pb=!1m14!1m8!1m3!1d2460.7887117448963!2d15.508985!3d51.919565899999995!3m2!1i1024!2i768!4f13.1!3m3!1m2!1s0x47061171ccdea593%3A0x184bbd7828fd9e16!2sKo%C5%BCuchowska+30%2C+Zielona+G%C3%B3ra!5e0!3m2!1spl!2spl!4v1416833440406\" width=\"930\" height=\"220\" frameborder=\"0\"><\/iframe><\/p>\n<p><span style=\"color: #faee85;\">PUNKT GPS :<\/span><\/p>\n<p>B=15\u00b030&#8217;32.67&#8221; L=51\u00b055&#8217;10.06&#8221; [1]<br \/>\nB=15.5090743 L=51.9194617 [1]<\/p>\n<div style=\"padding: 10px; padding-left: 0px;\">W celu skontaktowania si\u0119 z nasz\u0105 fundacj\u0105, prosimy o kontakt tradycyjny lub wype\u0142ni\u0107 formularz kontaktowy.<\/div>\n<div style=\"float: left; width: 400px; margin-right: 45px;\">\n<p><span style=\"color: #faee85;\"><strong>Fundacja<br \/>\nCentrum Przedsi\u0119biorczo\u015bci i Innowacji 50+<\/strong><\/span><br \/>\nul. Ko\u017cuchowska 30,<br \/>\n65-364 Zielona G\u00f3ra<br \/>\n\/ biurowiec <span style=\"color: #faee85;\"><strong>\u201eB\u201d<\/strong><\/span>, lok.12 \/<br \/>\ntel. + 48 68\u00a0353 57 52, + 48 722 363 625<br \/>\nfaks : +48 68 4521275<\/p>\n<p><span style=\"color: #faee85;\"><strong>www.fundacja50plus.pl<br \/>\n<\/strong><\/span>e-mail : biuro@fundacja50plus.pl<\/p>\n<p style=\"margin-left: 63px; margin-top: -12px;\">office@jankominek.pl<\/p>\n<p>KRS <span style=\"color: #faee85;\"><strong>0000492289<\/strong><\/span><br \/>\nNIP <span style=\"color: #faee85;\"><strong>929-185-77-20<\/strong><\/span><br \/>\nRegon : <span style=\"color: #faee85;\"><strong>081182481<\/strong><\/span><\/p>\n<\/div>\n<div style=\"float: left; width: 420px;\">\n<div role=\"form\" class=\"wpcf7\" id=\"wpcf7-f460-o1\" lang=\"pl-PL\" dir=\"ltr\">\n<div class=\"screen-reader-response\"><\/div>\n<form action=\"\/index.php?rest_route=%2Fwp%2Fv2%2Fpages%2F249#wpcf7-f460-o1\" method=\"post\" class=\"wpcf7-form\" novalidate=\"novalidate\">\n<div style=\"display: none;\">\n<input type=\"hidden\" name=\"_wpcf7\" value=\"460\" \/>\n<input type=\"hidden\" name=\"_wpcf7_version\" value=\"4.9.1\" \/>\n<input type=\"hidden\" name=\"_wpcf7_locale\" value=\"pl_PL\" \/>\n<input type=\"hidden\" name=\"_wpcf7_unit_tag\" value=\"wpcf7-f460-o1\" \/>\n<input type=\"hidden\" name=\"_wpcf7_container_post\" value=\"0\" \/>\n<\/div>\n<p>Imi\u0119 i nazwisko (wymagane)<br \/>\n    <span class=\"wpcf7-form-control-wrap your-name\"><input type=\"text\" name=\"your-name\" value=\"\" size=\"40\" class=\"wpcf7-form-control wpcf7-text wpcf7-validates-as-required\" aria-required=\"true\" aria-invalid=\"false\" \/><\/span> <\/p>\n<p>Adres email (wymagane)<br \/>\n    <span class=\"wpcf7-form-control-wrap your-email\"><input type=\"email\" name=\"your-email\" value=\"\" size=\"40\" class=\"wpcf7-form-control wpcf7-text wpcf7-email wpcf7-validates-as-required wpcf7-validates-as-email\" aria-required=\"true\" aria-invalid=\"false\" \/><\/span> <\/p>\n<p>Temat<br \/>\n    <span class=\"wpcf7-form-control-wrap your-subject\"><input type=\"text\" name=\"your-subject\" value=\"\" size=\"40\" class=\"wpcf7-form-control wpcf7-text\" aria-invalid=\"false\" \/><\/span> <\/p>\n<p>Tre\u015b\u0107 wiadomo\u015bci<br \/>\n    <span class=\"wpcf7-form-control-wrap your-message\"><textarea name=\"your-message\" cols=\"40\" rows=\"10\" class=\"wpcf7-form-control wpcf7-textarea\" aria-invalid=\"false\"><\/textarea><\/span> <\/p>\n<p><input type=\"submit\" value=\"Wy\u015blij\" class=\"wpcf7-form-control wpcf7-submit\" \/><\/p>\n<div class=\"wpcf7-response-output wpcf7-display-none\"><\/div><\/form><\/div>\n<\/div>\n<\/div>\n","protected":false},"excerpt":{"rendered":"<p>PUNKT GPS : B=15\u00b030&#8217;32.67&#8221; L=51\u00b055&#8217;10.06&#8221; [1] B=15.5090743 L=51.9194617 [1] W celu skontaktowania si\u0119 z nasz\u0105 fundacj\u0105, prosimy o kontakt tradycyjny lub wype\u0142ni\u0107 formularz kontaktowy. Fundacja Centrum Przedsi\u0119biorczo\u015bci i Innowacji 50+ ul. Ko\u017cuchowska 30, 65-364 Zielona G\u00f3ra \/ biurowiec \u201eB\u201d, lok.12 \/ tel. + 48 68\u00a0353 57 52, + 48 722 363 625 faks : +48 68 4521275 www.fundacja50plus.pl e-mail : biuro@fundacja50plus.pl office@jankominek.pl KRS 0000492289 NIP 929-185-77-20 Regon : 081182481<\/p>\n","protected":false},"author":1,"featured_media":0,"parent":0,"menu_order":4,"comment_status":"closed","ping_status":"open","template":"","meta":{"footnotes":""},"class_list":["post-249","page","type-page","status-publish","hentry"],"_links":{"self":[{"href":"http:\/\/fundacja50plus.pl\/index.php?rest_route=\/wp\/v2\/pages\/249","targetHints":{"allow":["GET"]}}],"collection":[{"href":"http:\/\/fundacja50plus.pl\/index.php?rest_route=\/wp\/v2\/pages"}],"about":[{"href":"http:\/\/fundacja50plus.pl\/index.php?rest_route=\/wp\/v2\/types\/page"}],"author":[{"embeddable":true,"href":"http:\/\/fundacja50plus.pl\/index.php?rest_route=\/wp\/v2\/users\/1"}],"replies":[{"embeddable":true,"href":"http:\/\/fundacja50plus.pl\/index.php?rest_route=%2Fwp%2Fv2%2Fcomments&post=249"}],"version-history":[{"count":11,"href":"http:\/\/fundacja50plus.pl\/index.php?rest_route=\/wp\/v2\/pages\/249\/revisions"}],"predecessor-version":[{"id":677,"href":"http:\/\/fundacja50plus.pl\/index.php?rest_route=\/wp\/v2\/pages\/249\/revisions\/677"}],"wp:attachment":[{"href":"http:\/\/fundacja50plus.pl\/index.php?rest_route=%2Fwp%2Fv2%2Fmedia&parent=249"}],"curies":[{"name":"wp","href":"https:\/\/api.w.org\/{rel}","templated":true}]}}