{"id":256,"date":"2014-11-20T11:28:01","date_gmt":"2014-11-20T10:28:01","guid":{"rendered":"http:\/\/fundacja.tylda.pl\/?page_id=256"},"modified":"2016-09-03T23:21:54","modified_gmt":"2016-09-03T21:21:54","slug":"projekty-2","status":"publish","type":"page","link":"http:\/\/fundacja50plus.pl\/?page_id=256","title":{"rendered":"Projekty"},"content":{"rendered":"<div class=\"tlo_div\">\n<p><img decoding=\"async\" src=\"http:\/\/fundacja50plus.pl\/wp-content\/uploads\/2016\/09\/Senior1.jpg\" \/><\/p>\n<p><img decoding=\"async\" class=\"alignleft\" src=\"http:\/\/fundacja50plus.pl\/wp-content\/uploads\/2016\/09\/Senior2.jpg\" \/><\/p>\n<p>&nbsp;<\/p>\n<p>&nbsp;<\/p>\n<p>&nbsp;<\/p>\n<p>&nbsp;<\/p>\n<p>&nbsp;<\/p>\n<p>&nbsp;<\/p>\n<p>&nbsp;<\/p>\n<p>&nbsp;<\/p>\n<p>Archiwum<\/p>\n<p>W tym roku Fundacja nasza realizuje 2 projekty, w ty jeden z Funduszu Inicjatyw Obywatelskich poprzez ZLOP w Zielonej G\u00f3rze o nazwie<span style=\"color: #faee85;\"><strong> TRAMPOLINA<\/strong><\/span> i drugi z Funduszy EFS poprzez WUP w Zielonej G\u00f3rze, pod nazw\u0105 <span style=\"color: #faee85;\"><strong>AKTYWNI SENIORZY<\/strong>.<\/span><\/p>\n<p><span style=\"color: #faee85;\"><strong>1. TRAMPOLINA &#8211; \u00a0realizowany z FIO<\/strong><\/span><\/p>\n<p>Jest to projekt dla nowopowsta\u0142ych organizacji pozarz\u0105dowych maj\u0105cy na celu ma\u0142e inicjatywy obywatelskie b\u0105d\u017a wzmocnienie organizacji NGO. Realizacja trwa do 15.12.2014 r. i obecnie jest przez Fundacj\u0119 zako\u0144czony i rozliczany.<\/p>\n<p><span style=\"color: #faee85;\"><strong>2. Projekt \u201eAKTYWNI SENIORZY\u201d \u2013 realizowany w ramach POKL\/6.1.1\/8\/14<\/strong><\/span><\/p>\n<p>W ramach konkursu organizowanego przez Wojew\u00f3dzki Urz\u0105d Pracy w Zielonej G\u00f3rze \u2013 poddzia\u0142anie 6.1.1 \u2013 \u201eWsparcie os\u00f3b pozostaj\u0105cych bez zatrudnienia na regionalnym rynku pracy\u201d<\/p>\n<p>realizowany jest projekt \u201eAktywni seniorzy\u201d przez Zak\u0142ad Doskonalenia Zawodowego w Zielonej G\u00f3rze \/lider projektu \/ i Fundacj\u0119 Centrum Przedsi\u0119biorczo\u015bci i Innowacji 50+ w Zielonej G\u00f3rze<\/p>\n<p>\/ partner projektu \/<\/p>\n<p>&nbsp;<\/p>\n<p><span style=\"color: #faee85;\"><strong>Przedmiot projektu<\/strong><\/span><\/p>\n<p>Projekt obejmuje wyb\u00f3r grupy docelowej, szkolenia zawodowe, uzyskanie uprawnie\u0144, sta\u017c w zak\u0142adach pracy w bran\u017cy drzewnej i p\u00f3\u017aniejsze zatrudnienie dla 36 os\u00f3b w wieku 50+ pozostaj\u0105cych bez zatrudnienia w powiatach o najwi\u0119kszym bezrobociu w wojew\u00f3dztwie lubuskim. W projekcie przyj\u0119to 3 powiaty : nowosolski, \u017caga\u0144ski i kro\u015bnie\u0144ski. Dotyczy\u0107 to b\u0119dzie 36 os\u00f3b bezrobotnych i nieaktywnych zawodowo. Nabory os\u00f3b zainteresowanych b\u0119d\u0105 odbywa\u0142y si\u0119 poprzez og\u0142oszenie w prasie, plakaty, informacje na stronie WWW., informacje bezpo\u015brednie, np. w PUP.<\/p>\n<p>Kwalifikacja os\u00f3b odb\u0119dzie si\u0119 poprzez rozmowy kwalifikacyjne i stworzenie listy rankingowej oraz rezerwowej zainteresowanych uczestnictwem w projekcie.<\/p>\n<p>Szkolenie zawodowe w cz\u0119\u015bci dotycz\u0105cej nabycia uprawnie\u0144 b\u0119dzie dotyczy\u0142o\u00a0 2 zawod\u00f3w :<\/p>\n<p><span style=\"color: #faee85;\"><strong>&#8211; drwal-operator pilarki<\/strong><\/span><\/p>\n<p><span style=\"color: #faee85;\"><strong>&#8211; kierowca w\u00f3zk\u00f3w jezdniowych<\/strong><\/span><\/p>\n<p>Sta\u017ce\/praktyki b\u0119d\u0105 si\u0119 odbywa\u0107 u przedsi\u0119biorc\u00f3w z kt\u00f3rymi podpisane b\u0119d\u0105 umowy w ramach projektu i trwa\u0107 b\u0119d\u0105 3 miesi\u0105ce. Sta\u017cy\u015bci b\u0119d\u0105 pobierali stypendium w czasie szkolenia w wysoko\u015bci\u00a0 975 z\u0142 oraz wynagrodzenie podczas sta\u017cu w ramach projektu w wysoko\u015bci \u2013 1600 z\u0142 brutto miesi\u0119cznie. Pracodawca u kt\u00f3rego pracownik b\u0119dzie odbywa\u0142 sta\u017c ma obowi\u0105zek zatrudnienia sta\u017cysty na umow\u0119 o prac\u0119 na okres nie kr\u00f3tszy ni\u017c 3 miesi\u0105ce po zako\u0144czonym sta\u017cu.<\/p>\n<p>&nbsp;<\/p>\n<p><strong>Kontakty<\/strong><\/p>\n<p><strong>&#8211;\u00a0\u00a0 Zak\u0142ad Doskonalenia Zawodowego w Zielonej G\u00f3rze<\/strong> \u2013 Sebastian Bortnik, Tel. <span style=\"color: #faee85;\"><strong>68 3295911<\/strong><\/span><\/p>\n<p><span style=\"color: #faee85;\"><a target=\"_blank\" rel=\"nofollow\" href=\"http:\/\/fundacja50plus.pl\/?goto=www.zdz.zgora.pl\" style=\"color: #faee85;\" title=\"ZDZ\" ><strong>www.zdz.zgora.pl<\/strong><\/a><\/span><\/p>\n<p><strong>e-mail :<span style=\"color: #faee85;\"> sekr@zdz.zgora.pl<\/span><\/strong><\/p>\n<p><strong>&#8211;\u00a0\u00a0 Fundacja Centrum Przedsi\u0119biorczo\u015bci i Innowacji 50+<\/strong> w Zielonej G\u00f3rze \u2013 Jan Kominek,<\/p>\n<p>Tel.<span style=\"color: #faee85;\"> <strong>722 363625<\/strong><\/span><\/p>\n<p><span style=\"color: #faee85;\"><a target=\"_blank\" rel=\"nofollow\" href=\"http:\/\/fundacja50plus.pl\/?goto=www.fundacja50plus.pl\" style=\"color: #faee85;\" title=\"Fundacja\" ><strong>www.fundacja50plus.pl<\/strong><\/a><\/span><\/p>\n<p><strong>e-mail : <span style=\"color: #faee85;\">biuro@fundacja50plus.pl<\/span><\/strong><\/p>\n<\/div>\n","protected":false},"excerpt":{"rendered":"<p>&nbsp; &nbsp; &nbsp; &nbsp; &nbsp; &nbsp; &nbsp; &nbsp; Archiwum W tym roku Fundacja nasza realizuje 2 projekty, w ty jeden z Funduszu Inicjatyw Obywatelskich poprzez ZLOP w Zielonej G\u00f3rze o nazwie TRAMPOLINA i drugi z Funduszy EFS poprzez WUP w Zielonej G\u00f3rze, pod nazw\u0105 AKTYWNI SENIORZY. 1. TRAMPOLINA &#8211; \u00a0realizowany z FIO Jest to projekt dla nowopowsta\u0142ych organizacji pozarz\u0105dowych maj\u0105cy na celu ma\u0142e inicjatywy obywatelskie b\u0105d\u017a wzmocnienie organizacji NGO. Realizacja trwa do 15.12.2014 r. i obecnie jest przez Fundacj\u0119 zako\u0144czony i rozliczany. 2. Projekt \u201eAKTYWNI SENIORZY\u201d \u2013 realizowany w ramach POKL\/6.1.1\/8\/14 W ramach konkursu organizowanego przez Wojew\u00f3dzki Urz\u0105d Pracy w Zielonej G\u00f3rze \u2013 poddzia\u0142anie 6.1.1 \u2013 \u201eWsparcie os\u00f3b pozostaj\u0105cych bez [&hellip;]<\/p>\n","protected":false},"author":1,"featured_media":0,"parent":0,"menu_order":11,"comment_status":"closed","ping_status":"open","template":"","meta":{"footnotes":""},"class_list":["post-256","page","type-page","status-publish","hentry"],"_links":{"self":[{"href":"http:\/\/fundacja50plus.pl\/index.php?rest_route=\/wp\/v2\/pages\/256","targetHints":{"allow":["GET"]}}],"collection":[{"href":"http:\/\/fundacja50plus.pl\/index.php?rest_route=\/wp\/v2\/pages"}],"about":[{"href":"http:\/\/fundacja50plus.pl\/index.php?rest_route=\/wp\/v2\/types\/page"}],"author":[{"embeddable":true,"href":"http:\/\/fundacja50plus.pl\/index.php?rest_route=\/wp\/v2\/users\/1"}],"replies":[{"embeddable":true,"href":"http:\/\/fundacja50plus.pl\/index.php?rest_route=%2Fwp%2Fv2%2Fcomments&post=256"}],"version-history":[{"count":8,"href":"http:\/\/fundacja50plus.pl\/index.php?rest_route=\/wp\/v2\/pages\/256\/revisions"}],"predecessor-version":[{"id":634,"href":"http:\/\/fundacja50plus.pl\/index.php?rest_route=\/wp\/v2\/pages\/256\/revisions\/634"}],"wp:attachment":[{"href":"http:\/\/fundacja50plus.pl\/index.php?rest_route=%2Fwp%2Fv2%2Fmedia&parent=256"}],"curies":[{"name":"wp","href":"https:\/\/api.w.org\/{rel}","templated":true}]}}