{"id":319,"date":"2014-11-24T09:43:20","date_gmt":"2014-11-24T08:43:20","guid":{"rendered":"http:\/\/fundacja.tylda.pl\/?page_id=319"},"modified":"2014-12-11T13:39:04","modified_gmt":"2014-12-11T12:39:04","slug":"inkubator-przedsiebiorczosci","status":"publish","type":"page","link":"http:\/\/fundacja50plus.pl\/?page_id=319","title":{"rendered":"Inkubator przedsi\u0119biorczo\u015bci"},"content":{"rendered":"<div class=\"tlo_div\">\n<p>Celem<strong> Inkubatora Przedsi\u0119biorczo\u015bci<\/strong> Fundacji CPI 50+ \/ IP \/ jest wspieranie przedsi\u0119biorczo\u015bci g\u0142\u00f3wnie os\u00f3b z grupy 50+ i kierowany on jest do :<\/p>\n<ul>\n<li>pocz\u0105tkuj\u0105cych przedsi\u0119biorc\u00f3w z sektora mikro i ma\u0142ych przedsi\u0119biorstw, rozpoczynaj\u0105cych lub dopiero zamierzaj\u0105cych rozpocz\u0105\u0107 dzia\u0142alno\u015b\u0107 gospodarcz\u0105,<\/li>\n<li>m\u0142odzie\u017cy i student\u00f3w &#8211; przy tworzeniu grup mieszanych<\/li>\n<li>podmiot\u00f3w ekonomii spo\u0142ecznej \u2013 w zakresie wsp\u00f3\u0142pracy<\/li>\n<\/ul>\n<p>Tworzony IP jest ofert\u0105 wsparcia w praktycznych dzia\u0142aniach rynkowych. Wyra\u017ca si\u0119 to przede wszystkim przez umo\u017cliwienie beneficjentom prowadzenia w\u0142asnej dzia\u0142alno\u015bci (pionu w IP), korzystaj\u0105c z osobowo\u015bci prawnej inkubatora.<\/p>\n<p>\u015arodki wsparcia:<\/p>\n<ul>\n<li>prowadzenie ksi\u0119gowo\u015bci przez IP,<\/li>\n<li>brak obowi\u0105zku rejestracji firmy w urz\u0119dach. Osobowo\u015b\u0107 prawn\u0105 (NIP,REGON ), wpis do KRS) udost\u0119pnia IP,<\/li>\n<li>brak obowi\u0105zku op\u0142aty sk\u0142adek ZUS,<\/li>\n<li>wsparcie biurowe. Mo\u017cliwo\u015b\u0107 korzystania z biura wraz z wyposa\u017ceniem<\/li>\n<li>szkolenia i doradztwo,<\/li>\n<li>porady prawne,<\/li>\n<li>szansa prowadzenia dzia\u0142alno\u015bci na preferencyjnych warunkach przez 6 miesi\u0119cy (z mo\u017cliwo\u015bci\u0105 przerwania wsp\u00f3\u0142pracy w ka\u017cdym momencie, bez negatywnych konsekwencji finansowych),<\/li>\n<li>uczestnictwo w spo\u0142eczno\u015bci biznesowej i mo\u017cliwo\u015b\u0107 utworzenia subkonta bankowego<\/li>\n<\/ul>\n<\/div>\n","protected":false},"excerpt":{"rendered":"<p>Celem Inkubatora Przedsi\u0119biorczo\u015bci Fundacji CPI 50+ \/ IP \/ jest wspieranie przedsi\u0119biorczo\u015bci g\u0142\u00f3wnie os\u00f3b z grupy 50+ i kierowany on jest do : pocz\u0105tkuj\u0105cych przedsi\u0119biorc\u00f3w z sektora mikro i ma\u0142ych przedsi\u0119biorstw, rozpoczynaj\u0105cych lub dopiero zamierzaj\u0105cych rozpocz\u0105\u0107 dzia\u0142alno\u015b\u0107 gospodarcz\u0105, m\u0142odzie\u017cy i student\u00f3w &#8211; przy tworzeniu grup mieszanych podmiot\u00f3w ekonomii spo\u0142ecznej \u2013 w zakresie wsp\u00f3\u0142pracy Tworzony IP jest ofert\u0105 wsparcia w praktycznych dzia\u0142aniach rynkowych. Wyra\u017ca si\u0119 to przede wszystkim przez umo\u017cliwienie beneficjentom prowadzenia w\u0142asnej dzia\u0142alno\u015bci (pionu w IP), korzystaj\u0105c z osobowo\u015bci prawnej inkubatora. \u015arodki wsparcia: prowadzenie ksi\u0119gowo\u015bci przez IP, brak obowi\u0105zku rejestracji firmy w urz\u0119dach. Osobowo\u015b\u0107 prawn\u0105 (NIP,REGON ), wpis do KRS) udost\u0119pnia IP, brak obowi\u0105zku op\u0142aty sk\u0142adek ZUS, wsparcie biurowe. Mo\u017cliwo\u015b\u0107 [&hellip;]<\/p>\n","protected":false},"author":1,"featured_media":0,"parent":250,"menu_order":3,"comment_status":"closed","ping_status":"closed","template":"","meta":{"footnotes":""},"class_list":["post-319","page","type-page","status-publish","hentry"],"_links":{"self":[{"href":"http:\/\/fundacja50plus.pl\/index.php?rest_route=\/wp\/v2\/pages\/319","targetHints":{"allow":["GET"]}}],"collection":[{"href":"http:\/\/fundacja50plus.pl\/index.php?rest_route=\/wp\/v2\/pages"}],"about":[{"href":"http:\/\/fundacja50plus.pl\/index.php?rest_route=\/wp\/v2\/types\/page"}],"author":[{"embeddable":true,"href":"http:\/\/fundacja50plus.pl\/index.php?rest_route=\/wp\/v2\/users\/1"}],"replies":[{"embeddable":true,"href":"http:\/\/fundacja50plus.pl\/index.php?rest_route=%2Fwp%2Fv2%2Fcomments&post=319"}],"version-history":[{"count":3,"href":"http:\/\/fundacja50plus.pl\/index.php?rest_route=\/wp\/v2\/pages\/319\/revisions"}],"predecessor-version":[{"id":592,"href":"http:\/\/fundacja50plus.pl\/index.php?rest_route=\/wp\/v2\/pages\/319\/revisions\/592"}],"up":[{"embeddable":true,"href":"http:\/\/fundacja50plus.pl\/index.php?rest_route=\/wp\/v2\/pages\/250"}],"wp:attachment":[{"href":"http:\/\/fundacja50plus.pl\/index.php?rest_route=%2Fwp%2Fv2%2Fmedia&parent=319"}],"curies":[{"name":"wp","href":"https:\/\/api.w.org\/{rel}","templated":true}]}}