{"id":329,"date":"2014-11-24T09:46:10","date_gmt":"2014-11-24T08:46:10","guid":{"rendered":"http:\/\/fundacja.tylda.pl\/?page_id=329"},"modified":"2014-12-11T13:49:15","modified_gmt":"2014-12-11T12:49:15","slug":"wazne-linki","status":"publish","type":"page","link":"http:\/\/fundacja50plus.pl\/?page_id=329","title":{"rendered":"Wa\u017cne linki"},"content":{"rendered":"<div class=\"tlo_div\">\n<p><strong>Wa\u017cne linki \u2013 instytucje<\/strong><\/p>\n<ol>\n<li>Urz\u0105d Marsza\u0142kowski &#8211; http:\/\/lubuskie.pl\/<\/li>\n<li>Urz\u0105d Wojew\u00f3dzki &#8211; <a target=\"_blank\" rel=\"nofollow\" href=\"http:\/\/fundacja50plus.pl\/?goto=http%3A%2F%2Fwww.lubuskie.uw.gov.pl%2F\"  >www.lubuskie.uw.gov.pl\/<\/a><\/li>\n<li>Urz\u0105d Miejski &#8211; www.zielona-gora.pl\/<\/li>\n<li>Wojew\u00f3dzki Urz\u0105d Pracy &#8211; <a target=\"_blank\" rel=\"nofollow\" href=\"http:\/\/fundacja50plus.pl\/?goto=http%3A%2F%2Fwww.wup.zgora.pl%2F\"  >www.wup.zgora.pl\/<\/a><\/li>\n<li>Powiatowy Urz\u0105d Pracy &#8211; <a target=\"_blank\" rel=\"nofollow\" href=\"http:\/\/fundacja50plus.pl\/?goto=http%3A%2F%2Fwww.pup.zgora.pl%2F\"  >www.<strong>pup<\/strong>.z<strong>gora<\/strong>.pl\/<\/a><\/li>\n<li>Regionalny O\u015brodek Pomocy Spo\u0142ecznej &#8211; <a target=\"_blank\" rel=\"nofollow\" href=\"http:\/\/fundacja50plus.pl\/?goto=http%3A%2F%2Fwww.polityka-spoleczna.lubuskie.pl%2F\"  >www.polityka-spoleczna.lubuskie.pl\/<\/a><\/li>\n<li>O\u015brodek Wsparcia Ekonomii Spo\u0142ecznej &#8211; <a target=\"_blank\" rel=\"nofollow\" href=\"http:\/\/fundacja50plus.pl\/?goto=http%3A%2F%2Fspolecznelubuskie.pl%2F\"  >http:\/\/spolecznelubuskie.pl\/<\/a><\/li>\n<li>Biuro Porad Obywatelskich &#8211; <a target=\"_blank\" rel=\"nofollow\" href=\"http:\/\/fundacja50plus.pl\/?goto=http%3A%2F%2Fwww.civis-sum.org.pl\"  >http:\/\/www.civis-sum.org.pl<\/a><\/li>\n<\/ol>\n<p><strong>Strony z ofertami pracy<\/strong><\/p>\n<ul>\n<li><a target=\"_blank\" rel=\"nofollow\" href=\"http:\/\/fundacja50plus.pl\/?goto=http%3A%2F%2Fwww.careerjet.pl%2F\"  >careerjet.pl<\/a>. &#8211; Careerjet.pl jest internetow\u0105 wyszukiwark\u0105 pracy na Polsk\u0119. Pozwala ona na szybkie przeszukiwanie du\u017cej ilo\u015bci ofert pracy, dost\u0119pnych na stronach firm, a tak\u017ce stronach po\u015bwi\u0119conych pracy, bez potrzeby zb\u0119dnego odwiedzania poszczeg\u00f3lnych stron.<\/li>\n<li><a target=\"_blank\" rel=\"nofollow\" href=\"http:\/\/fundacja50plus.pl\/?goto=http%3A%2F%2Fpraca.jobkralle.pl%2F\"  >http:\/\/praca.jobkralle.pl<\/a> &#8211; JOBkralle jest meta-wyszukiwark\u0105, kt\u00f3ra odnajduje oferty pracy w Internecie. Ta specjalna wyszukiwarka przegl\u0105da automatycznie tysi\u0105ce stron i znajduje na nich oferty pracy. Odwiedzaj\u0105cy stron\u0119 s\u0105 bezpo\u015brednio, po klikni\u0119ciu na link z dan\u0105 ofert\u0105 przekierowywani do ofert zamieszczonych na stronach pracodawc\u00f3w.<\/li>\n<li><a target=\"_blank\" rel=\"nofollow\" href=\"http:\/\/fundacja50plus.pl\/?goto=http%3A%2F%2Fwww.pracazagranicaodzaraz.pl%2F\"  >pracazagranicaodzaraz.pl<\/a> &#8211; oferty pracy za granic\u0105. Publikowane og\u0142oszenia pochodz\u0105 tylko od renomowanych, polskich agencji pracy. Zamieszczane oferty pracy s\u0105 najpierw przegl\u0105dane i zatwierdzane.<\/li>\n<li><a target=\"_blank\" rel=\"nofollow\" href=\"http:\/\/fundacja50plus.pl\/?goto=http%3A%2F%2Fwww.praca.onet.pl%2F\"  >praca.onet.pl<\/a> &#8211; oferty pracy, porady, ciekawostki z rynku pracy, wzory CV i list\u00f3w motywacyjnych<\/li>\n<li><a target=\"_blank\" rel=\"nofollow\" href=\"http:\/\/fundacja50plus.pl\/?goto=http%3A%2F%2Fwww.praca.interia.pl%2F\"  >praca.interia.pl<\/a> &#8211; oferty pracy, porady, ciekawostki z rynku pracy, wzory CV i list\u00f3w motywacyjnych<\/li>\n<li><a target=\"_blank\" rel=\"nofollow\" href=\"http:\/\/fundacja50plus.pl\/?goto=http%3A%2F%2Fwww.praca.wp.pl%2F\"  >praca.wp.pl<\/a> &#8211; oferty pracy, porady, ciekawostki z rynku pracy, wzory CV i list\u00f3w motywacyjnych<\/li>\n<li><a target=\"_blank\" rel=\"nofollow\" href=\"http:\/\/fundacja50plus.pl\/?goto=http%3A%2F%2Fwww.gazeta.pl%2Fpraca\"  >gazeta.pl\/praca<\/a> &#8211; oferty pracy, porady, ciekawostki z rynku pracy, wzory CV i list\u00f3w motywacyjnych<\/li>\n<li><a target=\"_blank\" rel=\"nofollow\" href=\"http:\/\/fundacja50plus.pl\/?goto=http%3A%2F%2Fwww.praca.hoga.pl%2F\"  >praca.hoga.pl<\/a> &#8211; oferty pracy, porady, ciekawostki z rynku pracy, wzory CV i list\u00f3w motywacyjnych<\/li>\n<li><a target=\"_blank\" rel=\"nofollow\" href=\"http:\/\/fundacja50plus.pl\/?goto=http%3A%2F%2Fwww.pracuj.pl%2F\"  >pracuj.pl<\/a> &#8211; oferty pracy, porady, ciekawostki z rynku pracy, wzory CV i list\u00f3w motywacyjnych<\/li>\n<li><a target=\"_blank\" rel=\"nofollow\" href=\"http:\/\/fundacja50plus.pl\/?goto=http%3A%2F%2Fwww.pracaonline.pl%2F\"  >pracaonline.pl<\/a> &#8211; oferty pracy, porady, ciekawostki z rynku pracy, wzory CV i list\u00f3w motywacyjnych<\/li>\n<li><a target=\"_blank\" rel=\"nofollow\" href=\"http:\/\/fundacja50plus.pl\/?goto=http%3A%2F%2Fwww.accord.waw.pl%2F\"  >accord.waw.pl<\/a> &#8211; serwis administracyjno &#8211; biurowy, finansowo &#8211; ksi\u0119gowy, dla \u015bredniego szczebla kierownictwa, oferty pracy, mo\u017cliwo\u015b\u0107 z\u0142o\u017cenia aplikacji na stronie<\/li>\n<li><a target=\"_blank\" rel=\"nofollow\" href=\"http:\/\/fundacja50plus.pl\/?goto=http%3A%2F%2Fwww.naj.com.pl%2F\"  >naj.com.pl<\/a> &#8211; kadry \u015bredniego i wy\u017cszego szczebla, oferty pracy<\/li>\n<li><a target=\"_blank\" rel=\"nofollow\" href=\"http:\/\/fundacja50plus.pl\/?goto=http%3A%2F%2Fwww.people.com.pl%2F\"  >people.com.pl<\/a> &#8211; oferty pracy, mo\u017cliwo\u015b\u0107 z\u0142o\u017cenia aplikacji na stronie<\/li>\n<li><a target=\"_blank\" rel=\"nofollow\" href=\"http:\/\/fundacja50plus.pl\/?goto=http%3A%2F%2Fwww.diversa.pl%2F\"  >diversa.pl<\/a> &#8211; oferty pracy na specjalistyczne i wy\u017csze stanowiska z dziedziny finans\u00f3w, ubezpiecze\u0144, zarz\u0105dzania<\/li>\n<li><a target=\"_blank\" rel=\"nofollow\" href=\"http:\/\/fundacja50plus.pl\/?goto=http%3A%2F%2Fwww.gratka.pl%2F\"  >gratka.pl<\/a> &#8211; oferty pracy, porady, ciekawostki z rynku pracy, wzory CV i list\u00f3w motywacyjnych<\/li>\n<li><a target=\"_blank\" rel=\"nofollow\" href=\"http:\/\/fundacja50plus.pl\/?goto=http%3A%2F%2Fwww.infotel.pl%2F\"  >infotel.pl<\/a> &#8211; po\u015brednictwo pracy czasowej, oferty pracy na stronie<\/li>\n<li><a target=\"_blank\" rel=\"nofollow\" href=\"http:\/\/fundacja50plus.pl\/?goto=http%3A%2F%2Fwww.ipk.com.pl%2F\"  >ipk.com.pl<\/a> &#8211; oferty na wy\u017csze stanowiska, wzory CV, poradniki<\/li>\n<li><a target=\"_blank\" rel=\"nofollow\" href=\"http:\/\/fundacja50plus.pl\/?goto=http%3A%2F%2Fwww.jkmconsulting.com.pl%2F\"  >jkmconsulting.com.pl<\/a> &#8211; oferty pracy, mo\u017cliwo\u015b\u0107 z\u0142o\u017cenia aplikacji na stronie<\/li>\n<li><a target=\"_blank\" rel=\"nofollow\" href=\"http:\/\/fundacja50plus.pl\/?goto=http%3A%2F%2Fwww.tempjobs.waw.pl%2F\"  >tempjobs.waw.pl<\/a> &#8211; agencja pracy czasowej<\/li>\n<li><a target=\"_blank\" rel=\"nofollow\" href=\"http:\/\/fundacja50plus.pl\/?goto=http%3A%2F%2Fwww.f-a.waw.pl%2F\"  >f-a.waw.pl<\/a> &#8211; oferty pracy dla finansist\u00f3w i ksi\u0119gowych<\/li>\n<li><a target=\"_blank\" rel=\"nofollow\" href=\"http:\/\/fundacja50plus.pl\/?goto=http%3A%2F%2Fwww.fss.pl%2F\"  >fss.pl<\/a> &#8211; oferty pracy dla finansist\u00f3w i ksi\u0119gowych, mo\u017cliwo\u015b\u0107 z\u0142o\u017cenia aplikacji na stronie<\/li>\n<li><a target=\"_blank\" rel=\"nofollow\" href=\"http:\/\/fundacja50plus.pl\/?goto=http%3A%2F%2Fwww.jobpilot.pl%2F\"  >jobpilot.pl<\/a> &#8211; oferty pracy, porady, ciekawostki z rynku pracy, wzory CV i list\u00f3w motywacyjnych<\/li>\n<li><a target=\"_blank\" rel=\"nofollow\" href=\"http:\/\/fundacja50plus.pl\/?goto=http%3A%2F%2Fwww.cvonline.pl%2F\"  >cvonline.pl<\/a> &#8211; oferty pracy, porady, ciekawostki z rynku pracy, wzory CV i list\u00f3w motywacyjnych<\/li>\n<li><a target=\"_blank\" rel=\"nofollow\" href=\"http:\/\/fundacja50plus.pl\/?goto=http%3A%2F%2Fwww.e-praca.got.pl.pl%2F\"  >e-praca.got.pl.pl<\/a> &#8211; oferty pracy, porady, ciekawostki z rynku pracy, wzory CV i list\u00f3w motywacyjnych<\/li>\n<li><a target=\"_blank\" rel=\"nofollow\" href=\"http:\/\/fundacja50plus.pl\/?goto=http%3A%2F%2Fwww.jobsector.pl%2F\"  >jobsector.pl<\/a> &#8211; oferty pracy, porady, ciekawostki z rynku pracy, wzory CV i list\u00f3w motywacyjnych<\/li>\n<li><a target=\"_blank\" rel=\"nofollow\" href=\"http:\/\/fundacja50plus.pl\/?goto=http%3A%2F%2Fwww.webjobs.pl%2F\"  >webjobs.pl<\/a> &#8211; oferty pracy, porady, ciekawostki z rynku pracy, wzory CV i list\u00f3w motywacyjnych<\/li>\n<li><a target=\"_blank\" rel=\"nofollow\" href=\"http:\/\/fundacja50plus.pl\/?goto=http%3A%2F%2Fwww.abcpraca.pl%2F\"  >abcpraca.pl<\/a> &#8211; oferty pracy, porady, ciekawostki z rynku pracy, wzory CV i list\u00f3w motywacyjnych<\/li>\n<li><a target=\"_blank\" rel=\"nofollow\" href=\"http:\/\/fundacja50plus.pl\/?goto=http%3A%2F%2Fwww.job-net.com.pl%2F\"  >job-net.com.pl<\/a> &#8211; oferty pracy, porady, ciekawostki z rynku pracy, wzory CV i list\u00f3w motywacyjnych<\/li>\n<li><a target=\"_blank\" rel=\"nofollow\" href=\"http:\/\/fundacja50plus.pl\/?goto=http%3A%2F%2Fwww.kb.com.pl%2F\"  >kb.com.pl<\/a> &#8211; oferty pracy, porady, ciekawostki z rynku pracy, wzory CV i list\u00f3w motywacyjnych<\/li>\n<li><a target=\"_blank\" rel=\"nofollow\" href=\"http:\/\/fundacja50plus.pl\/?goto=http%3A%2F%2Fwww.mostwanted.com.pl%2F\"  >mostwanted.com.pl<\/a> &#8211; oferty pracy, porady, ciekawostki z rynku pracy, wzory CV i list\u00f3w motywacyjnych<\/li>\n<li><a target=\"_blank\" rel=\"nofollow\" href=\"http:\/\/fundacja50plus.pl\/?goto=http%3A%2F%2Fwww.serwispraca.pl%2F\"  >serwispraca.pl<\/a> &#8211; oferty pracy, porady, ciekawostki z rynku pracy, wzory CV i list\u00f3w motywacyjnych<\/li>\n<li><a target=\"_blank\" rel=\"nofollow\" href=\"http:\/\/fundacja50plus.pl\/?goto=http%3A%2F%2Fwww.pba.com.pl%2F\"  >pba.com.pl<\/a> &#8211; oferty pracy, mo\u017cliwo\u015b\u0107 z\u0142o\u017cenia aplikacji na stronie<\/li>\n<li><a target=\"_blank\" rel=\"nofollow\" href=\"http:\/\/fundacja50plus.pl\/?goto=http%3A%2F%2Fwww.startpolska.pl%2F\"  >startpolska.pl<\/a> &#8211; oferty pracy, mo\u017cliwo\u015b\u0107 z\u0142o\u017cenia aplikacji na stronie, porady<\/li>\n<li><a target=\"_blank\" rel=\"nofollow\" href=\"http:\/\/fundacja50plus.pl\/?goto=http%3A%2F%2Fwww.talents.pl%2F\"  >talents.pl<\/a> &#8211; porady, oferty pracy dla informatyk\u00f3w, mo\u017cliwo\u015b\u0107 z\u0142o\u017cenia aplikacji na stronie<\/li>\n<li><a target=\"_blank\" rel=\"nofollow\" href=\"http:\/\/fundacja50plus.pl\/?goto=http%3A%2F%2Fwww.tempservice.com.pl%2F\"  >tempservice.com.pl<\/a> &#8211; oferty pracy, porady, mo\u017cliwo\u015b\u0107 z\u0142o\u017cenia aplikacji na stronie, pracownicy administracyjno &#8211; biurowi<\/li>\n<li><a target=\"_blank\" rel=\"nofollow\" href=\"http:\/\/fundacja50plus.pl\/?goto=http%3A%2F%2Fwww.turnaround.pl%2F\"  >turnaround.pl<\/a> &#8211; przedstawiciele handlowi, personel administracyjny, specjali\u015bci, porady, oferty pracy<\/li>\n<li><a target=\"_blank\" rel=\"nofollow\" href=\"http:\/\/fundacja50plus.pl\/?goto=http%3A%2F%2Fwww.wakat.com.pl%2F\"  >wakat.com.pl<\/a> &#8211; asystentki, ksi\u0119gowi, handlowcy, specjali\u015bci, mo\u017cliwo\u015b\u0107 z\u0142o\u017cenia aplikacji na stronie<\/li>\n<li><a target=\"_blank\" rel=\"nofollow\" href=\"http:\/\/fundacja50plus.pl\/?goto=http%3A%2F%2Fwww.bigram.pl%2F\"  >bigram.pl<\/a> &#8211; porady, oferty pracy<\/li>\n<li><a target=\"_blank\" rel=\"nofollow\" href=\"http:\/\/fundacja50plus.pl\/?goto=http%3A%2F%2Fwww.grafton.pl%2F\"  >grafton.pl<\/a> oferty pracy, wskaz\u00f3wki dla szukaj\u0105cego pracy, wzory CV<\/li>\n<li><a target=\"_blank\" rel=\"nofollow\" href=\"http:\/\/fundacja50plus.pl\/?goto=http%3A%2F%2Fwww.niepelnosprawni.pl%2Fpraca\"  >niepelnosprawni.pl\/praca<\/a> &#8211; ofert pracy dla niepe\u0142nosprawnych<\/li>\n<li><a target=\"_blank\" rel=\"nofollow\" href=\"http:\/\/fundacja50plus.pl\/?goto=http%3A%2F%2Fwww.it-gazetapraca.com.pl%2F\"  >it-gazetapraca.com.pl<\/a> &#8211; oferty pracy dla informatyk\u00f3w, mo\u017cliwo\u015b\u0107 z\u0142o\u017cenia aplikacji<\/li>\n<li><a target=\"_blank\" rel=\"nofollow\" href=\"http:\/\/fundacja50plus.pl\/?goto=http%3A%2F%2Fwww.jobcenter.com.pl%2F\"  >jobcenter.com.pl<\/a> &#8211; oferty krajowe i po\u015brednictwo pracy za granic\u0105<\/li>\n<li><a target=\"_blank\" rel=\"nofollow\" href=\"http:\/\/fundacja50plus.pl\/?goto=http%3A%2F%2Fwww.praca.totu.pl%2F\"  >praca.totu.pl<\/a> &#8211; oferty pracy za granic\u0105, oferty au-pair<\/li>\n<li><a target=\"_blank\" rel=\"nofollow\" href=\"http:\/\/fundacja50plus.pl\/?goto=http%3A%2F%2Fwww.infostaff.com.pl%2F\"  >infostaff.com.pl<\/a> &#8211; oferty pracy dla informatyk\u00f3w<\/li>\n<li><a target=\"_blank\" rel=\"nofollow\" href=\"http:\/\/fundacja50plus.pl\/?goto=http%3A%2F%2Fwww.bestoferta.pl%2F\"  >bestoferta.pl<\/a> &#8211; oferty pracy, r\u00f3wnie\u017c za granic\u0105<\/li>\n<li><a target=\"_blank\" rel=\"nofollow\" href=\"http:\/\/fundacja50plus.pl\/?goto=http%3A%2F%2Fwww.pi.pl%2F\"  >pi.pl<\/a> &#8211; porady, linki do kilkunastu najwi\u0119kszych serwis\u00f3w po\u015bwi\u0119conych pracy<\/li>\n<li><a target=\"_blank\" rel=\"nofollow\" href=\"http:\/\/fundacja50plus.pl\/?goto=http%3A%2F%2Fwww.1praca.gov.pl%2F\"  >1praca.gov.pl<\/a><\/li>\n<li><a target=\"_blank\" rel=\"nofollow\" href=\"http:\/\/fundacja50plus.pl\/?goto=http%3A%2F%2Fwww.praca.gazeta.pl%2F\"  >praca.gazeta.pl<\/a><\/li>\n<li><a target=\"_blank\" rel=\"nofollow\" href=\"http:\/\/fundacja50plus.pl\/?goto=http%3A%2F%2Fwww.jobs.pl%2F\"  >jobs.pl<\/a><\/li>\n<li><a target=\"_blank\" rel=\"nofollow\" href=\"http:\/\/fundacja50plus.pl\/?goto=http%3A%2F%2Fwww.gratka.pl%2F\"  >gratka.pl<\/a><\/li>\n<li><a target=\"_blank\" rel=\"nofollow\" href=\"http:\/\/fundacja50plus.pl\/?goto=http%3A%2F%2Fwww.pracuj.pl%2F\"  >pracuj.pl<\/a><\/li>\n<li><a target=\"_blank\" rel=\"nofollow\" href=\"http:\/\/fundacja50plus.pl\/?goto=http%3A%2F%2Fwww.topjobs.pl%2F\"  >topjobs.pl<\/a><\/li>\n<li><a target=\"_blank\" rel=\"nofollow\" href=\"http:\/\/fundacja50plus.pl\/?goto=http%3A%2F%2Fwww.jobaid.pl%2F\"  >jobaid.pl<\/a><\/li>\n<li><a target=\"_blank\" rel=\"nofollow\" href=\"http:\/\/fundacja50plus.pl\/?goto=http%3A%2F%2Fwww.gazeta.pl%2F\"  >gazeta.pl<\/a><\/li>\n<li><a target=\"_blank\" rel=\"nofollow\" href=\"http:\/\/fundacja50plus.pl\/?goto=http%3A%2F%2Fwww.europa.eu.int%2Feures%2F\"  >europa.eu.int\/eures\/<\/a> &#8211; EURES \u2013 European Employment Services<\/li>\n<li><a target=\"_blank\" rel=\"nofollow\" href=\"http:\/\/fundacja50plus.pl\/?goto=http%3A%2F%2Fwww.jobpilot.pl%2F\"  >jobpilot.pl<\/a><\/li>\n<li><a target=\"_blank\" rel=\"nofollow\" href=\"http:\/\/fundacja50plus.pl\/?goto=http%3A%2F%2Fwww.hrk.pl%2F\"  >hrk.pl<\/a> \u2013 serwis rekrutacyjny<\/li>\n<li><a target=\"_blank\" rel=\"nofollow\" href=\"http:\/\/fundacja50plus.pl\/?goto=http%3A%2F%2Fwww.absolwent.net%2F\"  >absolwent.net<\/a> \u2013 serwis pracy dla student\u00f3w i absolwent\u00f3w szk\u00f3\u0142 wyzszych<\/li>\n<li><a target=\"_blank\" rel=\"nofollow\" href=\"http:\/\/fundacja50plus.pl\/?goto=http%3A%2F%2Fwww.astroman.pl%2F\"  >astroman.pl<\/a> \u2013 astroman Centrum Bada\u0144 Interdyscyplinarnych<\/li>\n<li><a target=\"_blank\" rel=\"nofollow\" href=\"http:\/\/fundacja50plus.pl\/?goto=http%3A%2F%2Fwww.bestoferta.pl%2F\"  >bestoferta.pl<\/a><\/li>\n<li><a target=\"_blank\" rel=\"nofollow\" href=\"http:\/\/fundacja50plus.pl\/?goto=http%3A%2F%2Fwww.cvonline%2F\"  >cvonline<\/a><\/li>\n<li><a target=\"_blank\" rel=\"nofollow\" href=\"http:\/\/fundacja50plus.pl\/?goto=http%3A%2F%2Fwww.hill.com.pl%2F\"  >hill.com.pl<\/a> \u2013 Hill International<\/li>\n<li><a target=\"_blank\" rel=\"nofollow\" href=\"http:\/\/fundacja50plus.pl\/?goto=http%3A%2F%2Fwww.horyzont.pl%2F\"  >horyzont.pl<\/a><\/li>\n<li><a target=\"_blank\" rel=\"nofollow\" href=\"http:\/\/fundacja50plus.pl\/?goto=http%3A%2F%2Fwww.jobcenter.com.pl%2F\"  >jobcenter.com.pl<\/a> \u2013 Job Center<\/li>\n<li><a target=\"_blank\" rel=\"nofollow\" href=\"http:\/\/fundacja50plus.pl\/?goto=http%3A%2F%2Fwww.naj.com.pl%2F\"  >naj.com.pl<\/a> \u2013 NSJ International<\/li>\n<li><a target=\"_blank\" rel=\"nofollow\" href=\"http:\/\/fundacja50plus.pl\/?goto=http%3A%2F%2Fwww.notio.com.pl%2F\"  >notio.com.pl<\/a> \u2013 NOTIO Personal Progres Assistance<\/li>\n<li>pe\u0142nomocnik.com.pl \u2013 bank danych o in\u017cynierach<\/li>\n<li><a target=\"_blank\" rel=\"nofollow\" href=\"http:\/\/fundacja50plus.pl\/?goto=http%3A%2F%2Fwww.pracadlaciebie.pl%2F\"  >pracadlaciebie.pl<\/a><\/li>\n<li><a target=\"_blank\" rel=\"nofollow\" href=\"http:\/\/fundacja50plus.pl\/?goto=http%3A%2F%2Fwww.wakat.com.pl%2F\"  >wakat.com.pl<\/a> \u2013 WAKAT Agencja Po\u015brednictwa Pracy i Doradztwa Personalnego<\/li>\n<li><a target=\"_blank\" rel=\"nofollow\" href=\"http:\/\/fundacja50plus.pl\/?goto=http%3A%2F%2Fwww.usc.gov.pl%2F\"  >usc.gov.pl<\/a> \u2013 Urz\u0105d S\u0142u\u017cby Cywilnej<\/li>\n<li><a target=\"_blank\" rel=\"nofollow\" href=\"http:\/\/fundacja50plus.pl\/?goto=http%3A%2F%2Fwww.gratka.pl%2F\"  >gratka.pl<\/a> \u2013 og\u0142oszenia o pracy w Internecie<\/li>\n<li><a target=\"_blank\" rel=\"nofollow\" href=\"http:\/\/fundacja50plus.pl\/?goto=http%3A%2F%2Fwww.trader.pl%2F\"  >trader.pl<\/a><\/li>\n<li><a target=\"_blank\" rel=\"nofollow\" href=\"http:\/\/fundacja50plus.pl\/?goto=http%3A%2F%2Fwww.twojakariera.pl%2F\"  >twojakariera.pl<\/a> \u2013 GAWROSZ M\u0142odzie\u017cowe Vademecum Poszukiwania Pracy<\/li>\n<\/ul>\n<\/div>\n<p><!--more--><\/p>\n<p><!--more--><\/p>\n","protected":false},"excerpt":{"rendered":"<p>Wa\u017cne linki \u2013 instytucje Urz\u0105d Marsza\u0142kowski &#8211; http:\/\/lubuskie.pl\/ Urz\u0105d Wojew\u00f3dzki &#8211; www.lubuskie.uw.gov.pl\/ Urz\u0105d Miejski &#8211; www.zielona-gora.pl\/ Wojew\u00f3dzki Urz\u0105d Pracy &#8211; www.wup.zgora.pl\/ Powiatowy Urz\u0105d Pracy &#8211; www.pup.zgora.pl\/ Regionalny O\u015brodek Pomocy Spo\u0142ecznej &#8211; www.polityka-spoleczna.lubuskie.pl\/ O\u015brodek Wsparcia Ekonomii Spo\u0142ecznej &#8211; http:\/\/spolecznelubuskie.pl\/ Biuro Porad Obywatelskich &#8211; http:\/\/www.civis-sum.org.pl Strony z ofertami pracy careerjet.pl. &#8211; Careerjet.pl jest internetow\u0105 wyszukiwark\u0105 pracy na Polsk\u0119. Pozwala ona na szybkie przeszukiwanie du\u017cej ilo\u015bci ofert pracy, dost\u0119pnych na stronach firm, a tak\u017ce stronach po\u015bwi\u0119conych pracy, bez potrzeby zb\u0119dnego odwiedzania poszczeg\u00f3lnych stron. http:\/\/praca.jobkralle.pl &#8211; JOBkralle jest meta-wyszukiwark\u0105, kt\u00f3ra odnajduje oferty pracy w Internecie. Ta specjalna wyszukiwarka przegl\u0105da automatycznie tysi\u0105ce stron i znajduje na nich oferty pracy. Odwiedzaj\u0105cy stron\u0119 s\u0105 bezpo\u015brednio, po klikni\u0119ciu [&hellip;]<\/p>\n","protected":false},"author":1,"featured_media":0,"parent":250,"menu_order":8,"comment_status":"closed","ping_status":"closed","template":"","meta":{"footnotes":""},"class_list":["post-329","page","type-page","status-publish","hentry"],"_links":{"self":[{"href":"http:\/\/fundacja50plus.pl\/index.php?rest_route=\/wp\/v2\/pages\/329","targetHints":{"allow":["GET"]}}],"collection":[{"href":"http:\/\/fundacja50plus.pl\/index.php?rest_route=\/wp\/v2\/pages"}],"about":[{"href":"http:\/\/fundacja50plus.pl\/index.php?rest_route=\/wp\/v2\/types\/page"}],"author":[{"embeddable":true,"href":"http:\/\/fundacja50plus.pl\/index.php?rest_route=\/wp\/v2\/users\/1"}],"replies":[{"embeddable":true,"href":"http:\/\/fundacja50plus.pl\/index.php?rest_route=%2Fwp%2Fv2%2Fcomments&post=329"}],"version-history":[{"count":3,"href":"http:\/\/fundacja50plus.pl\/index.php?rest_route=\/wp\/v2\/pages\/329\/revisions"}],"predecessor-version":[{"id":595,"href":"http:\/\/fundacja50plus.pl\/index.php?rest_route=\/wp\/v2\/pages\/329\/revisions\/595"}],"up":[{"embeddable":true,"href":"http:\/\/fundacja50plus.pl\/index.php?rest_route=\/wp\/v2\/pages\/250"}],"wp:attachment":[{"href":"http:\/\/fundacja50plus.pl\/index.php?rest_route=%2Fwp%2Fv2%2Fmedia&parent=329"}],"curies":[{"name":"wp","href":"https:\/\/api.w.org\/{rel}","templated":true}]}}