{"id":339,"date":"2014-11-24T09:49:51","date_gmt":"2014-11-24T08:49:51","guid":{"rendered":"http:\/\/fundacja.tylda.pl\/?page_id=339"},"modified":"2015-01-12T13:01:52","modified_gmt":"2015-01-12T12:01:52","slug":"bank-fachowcow","status":"publish","type":"page","link":"http:\/\/fundacja50plus.pl\/?page_id=339","title":{"rendered":"Bank fachowc\u00f3w"},"content":{"rendered":"<div class=\"tlo_div\">\n<h3>Bank Fachowc\u00f3w<\/h3>\n<p>Dla os\u00f3b <span style=\"color: #faee85;\"><strong>posiadaj\u0105cych umiej\u0119tno\u015bci i wiedz\u0119 fachow\u0105 w r\u00f3\u017cnych dziedzinach<\/strong><\/span> oraz chc\u0105cych aktywnie dzia\u0142a\u0107 na polu zawodowym b\u0119dziemy starali si\u0119 zapewni\u0107 mo\u017cliwo\u015b\u0107 podj\u0119cia w\u0142asnej dzia\u0142alno\u015bci gospodarczej, pracy etatowej, sezonowej, tymczasowej, b\u0105d\u017a na zlecenie. <span style=\"color: #faee85;\"><strong>Chodzi g\u0142\u00f3wnie o fachowc\u00f3w starszego pokolenia<\/strong><\/span>. Zainteresowani jeste\u015bmy r\u00f3wnie\u017c fachowcami, kt\u00f3rzy byliby sk\u0142onni do wzajemnej <span style=\"color: #faee85;\"><strong>pomocy wolontarystycznej w\u015br\u00f3d w\u0142asnego pokolenia<\/strong><\/span> &#8211; przede wszystkim w dziedzinach wa\u017cnych dla os\u00f3b starszych &#8211; jak lekarze, terapeuci, czy piel\u0119gniarki, ale r\u00f3wnie\u017c hydraulicy, elektrycy, \u015blusarze, prawnicy, itp.<\/p>\n<p>Je\u017celi kto\u015b posiada w\u0142asne narz\u0119dzia spoczywaj\u0105ce bezu\u017cytecznie gdzie\u015b w warsztacie, b\u0105d\u017a w piwnicy, a m\u00f3g\u0142by i chcia\u0142 je jeszcze wykorzysta\u0107 do pracy zarobkowej, niech przyjdzie do nas \u2013 zarejestrujemy i postaramy si\u0119 pom\u00f3c!<\/p>\n<p>Jest wielu potencjalnych pracodawc\u00f3w i potrzebuj\u0105cych mog\u0105cych wykorzysta\u0107 Wasz potencja\u0142 &#8211; my chcemy postara\u0107 si\u0119 Wam pom\u00f3c w dotarciu do nich. <span style=\"color: #faee85;\"><strong>Pom\u00f3\u017cmy sobie wzajemnie !<\/strong><\/span><\/p>\n<p>Nale\u017cy najpierw <strong><span style=\"color: #faee85;\">wype\u0142ni\u0107 poni\u017cszy formularz kontaktowy i przes\u0142a\u0107<\/span> <\/strong>okre\u015blaj\u0105c temat i pow\u00f3d ch\u0119ci rejestracji w Banku podaj\u0105c dane kontaktowe, a my przeka\u017cemy, co zrobi\u0107 dalej.<\/p>\n<p><span style=\"color: #faee85;\"><strong>Czekamy na Pa\u0144stwa kontakt !<\/strong><\/span><\/p>\n<div role=\"form\" class=\"wpcf7\" id=\"wpcf7-f606-o1\" lang=\"pl-PL\" dir=\"ltr\">\n<div class=\"screen-reader-response\"><\/div>\n<form action=\"\/index.php?rest_route=%2Fwp%2Fv2%2Fpages%2F339#wpcf7-f606-o1\" method=\"post\" class=\"wpcf7-form\" novalidate=\"novalidate\">\n<div style=\"display: none;\">\n<input type=\"hidden\" name=\"_wpcf7\" value=\"606\" \/>\n<input type=\"hidden\" name=\"_wpcf7_version\" value=\"4.9.1\" \/>\n<input type=\"hidden\" name=\"_wpcf7_locale\" value=\"pl_PL\" \/>\n<input type=\"hidden\" name=\"_wpcf7_unit_tag\" value=\"wpcf7-f606-o1\" \/>\n<input type=\"hidden\" name=\"_wpcf7_container_post\" value=\"0\" \/>\n<\/div>\n<p>Nazwa Firmy (wymagane)<br \/>\n    <span class=\"wpcf7-form-control-wrap your-name\"><input type=\"text\" name=\"your-name\" value=\"\" size=\"40\" class=\"wpcf7-form-control wpcf7-text wpcf7-validates-as-required\" aria-required=\"true\" aria-invalid=\"false\" \/><\/span> <\/p>\n<p>Adres strony www (wymagane)<br \/>\n   <span class=\"wpcf7-form-control-wrap url-61\"><input type=\"url\" name=\"url-61\" value=\"\" size=\"40\" class=\"wpcf7-form-control wpcf7-text wpcf7-url wpcf7-validates-as-url\" aria-invalid=\"false\" \/><\/span> <\/p>\n<p>Adres email (wymagane)<br \/>\n    <span class=\"wpcf7-form-control-wrap your-email\"><input type=\"email\" name=\"your-email\" value=\"\" size=\"40\" class=\"wpcf7-form-control wpcf7-text wpcf7-email wpcf7-validates-as-required wpcf7-validates-as-email\" aria-required=\"true\" aria-invalid=\"false\" \/><\/span> <\/p>\n<p>Numer telefonu (wymagane)<br \/>\n   <span class=\"wpcf7-form-control-wrap tel-477\"><input type=\"tel\" name=\"tel-477\" value=\"\" size=\"40\" class=\"wpcf7-form-control wpcf7-text wpcf7-tel wpcf7-validates-as-required wpcf7-validates-as-tel\" aria-required=\"true\" aria-invalid=\"false\" \/><\/span> <\/p>\n<p>Temat og\u0142oszenia<br \/>\n    <span class=\"wpcf7-form-control-wrap your-subject\"><input type=\"text\" name=\"your-subject\" value=\"\" size=\"40\" class=\"wpcf7-form-control wpcf7-text\" aria-invalid=\"false\" \/><\/span> <\/p>\n<p>Tre\u015b\u0107 og\u0142oszenia<br \/>\n    <span class=\"wpcf7-form-control-wrap your-message\"><textarea name=\"your-message\" cols=\"40\" rows=\"10\" class=\"wpcf7-form-control wpcf7-textarea\" aria-invalid=\"false\"><\/textarea><\/span> <\/p>\n<p><input type=\"submit\" value=\"Wy\u015blij\" class=\"wpcf7-form-control wpcf7-submit\" \/><\/p>\n<div class=\"wpcf7-response-output wpcf7-display-none\"><\/div><\/form><\/div><\/div>\n","protected":false},"excerpt":{"rendered":"<p>Bank Fachowc\u00f3w Dla os\u00f3b posiadaj\u0105cych umiej\u0119tno\u015bci i wiedz\u0119 fachow\u0105 w r\u00f3\u017cnych dziedzinach oraz chc\u0105cych aktywnie dzia\u0142a\u0107 na polu zawodowym b\u0119dziemy starali si\u0119 zapewni\u0107 mo\u017cliwo\u015b\u0107 podj\u0119cia w\u0142asnej dzia\u0142alno\u015bci gospodarczej, pracy etatowej, sezonowej, tymczasowej, b\u0105d\u017a na zlecenie. Chodzi g\u0142\u00f3wnie o fachowc\u00f3w starszego pokolenia. Zainteresowani jeste\u015bmy r\u00f3wnie\u017c fachowcami, kt\u00f3rzy byliby sk\u0142onni do wzajemnej pomocy wolontarystycznej w\u015br\u00f3d w\u0142asnego pokolenia &#8211; przede wszystkim w dziedzinach wa\u017cnych dla os\u00f3b starszych &#8211; jak lekarze, terapeuci, czy piel\u0119gniarki, ale r\u00f3wnie\u017c hydraulicy, elektrycy, \u015blusarze, prawnicy, itp. Je\u017celi kto\u015b posiada w\u0142asne narz\u0119dzia spoczywaj\u0105ce bezu\u017cytecznie gdzie\u015b w warsztacie, b\u0105d\u017a w piwnicy, a m\u00f3g\u0142by i chcia\u0142 je jeszcze wykorzysta\u0107 do pracy zarobkowej, niech przyjdzie do nas \u2013 zarejestrujemy i postaramy si\u0119 pom\u00f3c! [&hellip;]<\/p>\n","protected":false},"author":1,"featured_media":0,"parent":253,"menu_order":2,"comment_status":"closed","ping_status":"closed","template":"","meta":{"footnotes":""},"class_list":["post-339","page","type-page","status-publish","hentry"],"_links":{"self":[{"href":"http:\/\/fundacja50plus.pl\/index.php?rest_route=\/wp\/v2\/pages\/339","targetHints":{"allow":["GET"]}}],"collection":[{"href":"http:\/\/fundacja50plus.pl\/index.php?rest_route=\/wp\/v2\/pages"}],"about":[{"href":"http:\/\/fundacja50plus.pl\/index.php?rest_route=\/wp\/v2\/types\/page"}],"author":[{"embeddable":true,"href":"http:\/\/fundacja50plus.pl\/index.php?rest_route=\/wp\/v2\/users\/1"}],"replies":[{"embeddable":true,"href":"http:\/\/fundacja50plus.pl\/index.php?rest_route=%2Fwp%2Fv2%2Fcomments&post=339"}],"version-history":[{"count":7,"href":"http:\/\/fundacja50plus.pl\/index.php?rest_route=\/wp\/v2\/pages\/339\/revisions"}],"predecessor-version":[{"id":608,"href":"http:\/\/fundacja50plus.pl\/index.php?rest_route=\/wp\/v2\/pages\/339\/revisions\/608"}],"up":[{"embeddable":true,"href":"http:\/\/fundacja50plus.pl\/index.php?rest_route=\/wp\/v2\/pages\/253"}],"wp:attachment":[{"href":"http:\/\/fundacja50plus.pl\/index.php?rest_route=%2Fwp%2Fv2%2Fmedia&parent=339"}],"curies":[{"name":"wp","href":"https:\/\/api.w.org\/{rel}","templated":true}]}}