{"id":347,"date":"2014-11-24T10:05:51","date_gmt":"2014-11-24T09:05:51","guid":{"rendered":"http:\/\/fundacja.tylda.pl\/?page_id=347"},"modified":"2015-01-23T16:17:42","modified_gmt":"2015-01-23T15:17:42","slug":"oferty-zatrudnienia","status":"publish","type":"page","link":"http:\/\/fundacja50plus.pl\/?page_id=347","title":{"rendered":"Oferty zatrudnienia"},"content":{"rendered":"<div class=\"tlo_div\">\n<p><span style=\"color: #faee85;\"><strong>Pracodawco, je\u017celi poszukujesz pracownika<\/strong><\/span> do pracy sta\u0142ej, sezonowej, okresowej, dorywczej, na zlecenie, o dzie\u0142o \u2013 w dowolnej bran\u017cy i zawodzie, a mo\u017ce to by\u0107 <span style=\"color: #faee85;\"><strong>osoba 50+<\/strong><\/span><\/p>\n<p>postaramy si\u0119 pom\u00f3c w znalezieniu odpowiedniego kandydata wnosz\u0105cego do\u015bwiadczenie i lojalno\u015b\u0107 przy nie wyg\u00f3rowanych oczekiwaniach. Jest r\u00f3wnie\u017c mo\u017cliwe, \u017ce z jego zatrudnieniem b\u0119d\u0105 si\u0119 wi\u0105za\u0142y ulgi i dop\u0142aty wynikaj\u0105ce z <em>Rz\u0105dowego Programu Aktywno\u015bci Os\u00f3b Starszych<\/em>.<\/p>\n<p><span style=\"color: #faee85;\"><strong>Nale\u017cy wype\u0142ni\u0107 poni\u017cszy formularz &#8211; podaj\u0105c firm\u0119, rodzaj pracy, oczekiwania, rodzaj zatrudnienia oraz form\u0119 kontaktu i osob\u0119.<\/strong><\/span><\/p>\n<\/div>\n","protected":false},"excerpt":{"rendered":"<p>Pracodawco, je\u017celi poszukujesz pracownika do pracy sta\u0142ej, sezonowej, okresowej, dorywczej, na zlecenie, o dzie\u0142o \u2013 w dowolnej bran\u017cy i zawodzie, a mo\u017ce to by\u0107 osoba 50+ postaramy si\u0119 pom\u00f3c w znalezieniu odpowiedniego kandydata wnosz\u0105cego do\u015bwiadczenie i lojalno\u015b\u0107 przy nie wyg\u00f3rowanych oczekiwaniach. Jest r\u00f3wnie\u017c mo\u017cliwe, \u017ce z jego zatrudnieniem b\u0119d\u0105 si\u0119 wi\u0105za\u0142y ulgi i dop\u0142aty wynikaj\u0105ce z Rz\u0105dowego Programu Aktywno\u015bci Os\u00f3b Starszych. Nale\u017cy wype\u0142ni\u0107 poni\u017cszy formularz &#8211; podaj\u0105c firm\u0119, rodzaj pracy, oczekiwania, rodzaj zatrudnienia oraz form\u0119 kontaktu i osob\u0119.<\/p>\n","protected":false},"author":1,"featured_media":0,"parent":254,"menu_order":3,"comment_status":"open","ping_status":"open","template":"","meta":{"footnotes":""},"class_list":["post-347","page","type-page","status-publish","hentry"],"_links":{"self":[{"href":"http:\/\/fundacja50plus.pl\/index.php?rest_route=\/wp\/v2\/pages\/347","targetHints":{"allow":["GET"]}}],"collection":[{"href":"http:\/\/fundacja50plus.pl\/index.php?rest_route=\/wp\/v2\/pages"}],"about":[{"href":"http:\/\/fundacja50plus.pl\/index.php?rest_route=\/wp\/v2\/types\/page"}],"author":[{"embeddable":true,"href":"http:\/\/fundacja50plus.pl\/index.php?rest_route=\/wp\/v2\/users\/1"}],"replies":[{"embeddable":true,"href":"http:\/\/fundacja50plus.pl\/index.php?rest_route=%2Fwp%2Fv2%2Fcomments&post=347"}],"version-history":[{"count":4,"href":"http:\/\/fundacja50plus.pl\/index.php?rest_route=\/wp\/v2\/pages\/347\/revisions"}],"predecessor-version":[{"id":616,"href":"http:\/\/fundacja50plus.pl\/index.php?rest_route=\/wp\/v2\/pages\/347\/revisions\/616"}],"up":[{"embeddable":true,"href":"http:\/\/fundacja50plus.pl\/index.php?rest_route=\/wp\/v2\/pages\/254"}],"wp:attachment":[{"href":"http:\/\/fundacja50plus.pl\/index.php?rest_route=%2Fwp%2Fv2%2Fmedia&parent=347"}],"curies":[{"name":"wp","href":"https:\/\/api.w.org\/{rel}","templated":true}]}}