{"id":574,"date":"2014-12-11T13:21:41","date_gmt":"2014-12-11T12:21:41","guid":{"rendered":"http:\/\/fundacja.tylda.pl\/?page_id=574"},"modified":"2014-12-11T13:21:41","modified_gmt":"2014-12-11T12:21:41","slug":"zostan-darczynca","status":"publish","type":"page","link":"http:\/\/fundacja50plus.pl\/?page_id=574","title":{"rendered":"Zosta\u0144 darczy\u0144c\u0105"},"content":{"rendered":"<div class=\"tlo_div\">\n<p><span style=\"color: #faee85;\"><strong>Celem dzia\u0142ania Fundacji jest aktywizacja gospodarcza, zawodowa i spo\u0142eczna os\u00f3b<\/strong><\/span>, przede wszystkim\u00a0 w grupie wiekowej 50+ oraz wsp\u00f3\u0142udzia\u0142 w realizacji wszelkiego rodzaju europejskich, rz\u0105dowych i samorz\u0105dowych program\u00f3w zwi\u0105zanych ze zwi\u0119kszaniem mo\u017cliwo\u015bci zatrudnienia i aktywno\u015bci tych os\u00f3b poprzez pomoc w uruchamianiu w\u0142asnej dzia\u0142alno\u015bci gospodarczej, podj\u0119ciu pracy etatowej, sezonowej lub dorywczej, a tak\u017ce wszelkie dzia\u0142ania integracyjne, mo\u017cliwo\u015b\u0107 realizacji w\u0142asnych pasji, wp\u0142yw na funkcjonowanie spo\u0142eczno\u015bci lokalnej i poziom \u017cycia os\u00f3b starszych.<\/p>\n<p>Aby by\u0107 skutecznym w realizacji cel\u00f3w za\u0142o\u017conych w Statucie Fundacji \u201enon profit\u201d wspieraj\u0105cej osoby 50+ potrzebujemy tak\u017ce &#8211; niezale\u017cnie od naszych dzia\u0142a\u0144 i uczestnictwa w programach europejskich \u2013 wsparcia ze strony wszystkich tych, kt\u00f3rzy rozumiej\u0105 ide\u0119 i potrzeb\u0119 pomocy osobom starszym.<\/p>\n<p>Nasze dzia\u0142ania prowadzimy w spos\u00f3b przejrzysty, w oparciu Statut i najwy\u017csze standardy etyczne. Udzia\u0142 w naszych dzia\u0142aniach zwi\u0119ksza atrakcyjno\u015b\u0107 oraz rozpoznawalno\u015b\u0107 produkt\u00f3w danej firmy, co przek\u0142ada si\u0119 tak\u017ce na wzrost sprzeda\u017cy i mo\u017cliwo\u015b\u0107 po\u0142\u0105czenia swoich cel\u00f3w biznesowych z dzia\u0142alno\u015bci\u0105 charytatywn\u0105.<\/p>\n<p>Mo\u017cemy wsp\u00f3lnie okre\u015bli\u0107 p\u0142aszczyzn\u0119 dzia\u0142alno\u015bci komercyjnej i spo\u0142ecznej tak, aby\u00a0 pomoc innym przynosi\u0142a nie tylko satysfakcj\u0119, ale r\u00f3wnie\u017c zysk.<\/p>\n<p><span style=\"color: #faee85;\"><strong>Je\u017celi s\u0105 Pa\u0144stwo zainteresowani wsp\u00f3\u0142prac\u0105 z nasz\u0105 organizacj\u0105, prosimy o kontakt. Wsp\u00f3lnie okre\u015blimy dzia\u0142ania korzystne dla obu stron.<\/strong><\/span><\/p>\n<p>Dla ch\u0119tnych udzielenia pomocy finansowej podajemy konto bankowe<br \/>\nFundacji :<\/p>\n<p><span style=\"color: #faee85;\"><strong>PL 94 2490 0005 0000 4530 5035 4000<\/strong><\/span><\/p>\n<p><span style=\"color: #faee85;\"><strong>Alior Bank SA Oddz. Zielona G\u00f3ra<\/strong><\/span><\/p>\n<p>z dopiskiem: <span style=\"color: #faee85;\"><strong>Darowizna na cele statutowe Fundacji CPI 50+<\/strong><\/span><\/p>\n<p><strong>\u00a0<\/strong><\/p>\n<p><span style=\"color: #faee85;\"><strong>Uwaga !<\/strong><\/span><\/p>\n<p>Przekazane darowizny mo\u017cna odlicza\u0107 od swojego dochodu. Dla os\u00f3b fizycznych wysoko\u015b\u0107 odliczenia wynosi do <strong>6%,<\/strong> a dla os\u00f3b prawnych do <strong>10%<\/strong> rocznego dochodu \/ podstawa prawna : ustawa o podatku dochodowym art. 26, ust. 1, pkt. 9 oraz art.18, ust.1, pkt.1 \/.<\/p>\n<\/div>\n","protected":false},"excerpt":{"rendered":"<p>Celem dzia\u0142ania Fundacji jest aktywizacja gospodarcza, zawodowa i spo\u0142eczna os\u00f3b, przede wszystkim\u00a0 w grupie wiekowej 50+ oraz wsp\u00f3\u0142udzia\u0142 w realizacji wszelkiego rodzaju europejskich, rz\u0105dowych i samorz\u0105dowych program\u00f3w zwi\u0105zanych ze zwi\u0119kszaniem mo\u017cliwo\u015bci zatrudnienia i aktywno\u015bci tych os\u00f3b poprzez pomoc w uruchamianiu w\u0142asnej dzia\u0142alno\u015bci gospodarczej, podj\u0119ciu pracy etatowej, sezonowej lub dorywczej, a tak\u017ce wszelkie dzia\u0142ania integracyjne, mo\u017cliwo\u015b\u0107 realizacji w\u0142asnych pasji, wp\u0142yw na funkcjonowanie spo\u0142eczno\u015bci lokalnej i poziom \u017cycia os\u00f3b starszych. Aby by\u0107 skutecznym w realizacji cel\u00f3w za\u0142o\u017conych w Statucie Fundacji \u201enon profit\u201d wspieraj\u0105cej osoby 50+ potrzebujemy tak\u017ce &#8211; niezale\u017cnie od naszych dzia\u0142a\u0144 i uczestnictwa w programach europejskich \u2013 wsparcia ze strony wszystkich tych, kt\u00f3rzy rozumiej\u0105 ide\u0119 i potrzeb\u0119 pomocy osobom starszym. Nasze [&hellip;]<\/p>\n","protected":false},"author":1,"featured_media":0,"parent":0,"menu_order":0,"comment_status":"closed","ping_status":"closed","template":"","meta":{"footnotes":""},"class_list":["post-574","page","type-page","status-publish","hentry"],"_links":{"self":[{"href":"http:\/\/fundacja50plus.pl\/index.php?rest_route=\/wp\/v2\/pages\/574","targetHints":{"allow":["GET"]}}],"collection":[{"href":"http:\/\/fundacja50plus.pl\/index.php?rest_route=\/wp\/v2\/pages"}],"about":[{"href":"http:\/\/fundacja50plus.pl\/index.php?rest_route=\/wp\/v2\/types\/page"}],"author":[{"embeddable":true,"href":"http:\/\/fundacja50plus.pl\/index.php?rest_route=\/wp\/v2\/users\/1"}],"replies":[{"embeddable":true,"href":"http:\/\/fundacja50plus.pl\/index.php?rest_route=%2Fwp%2Fv2%2Fcomments&post=574"}],"version-history":[{"count":3,"href":"http:\/\/fundacja50plus.pl\/index.php?rest_route=\/wp\/v2\/pages\/574\/revisions"}],"predecessor-version":[{"id":577,"href":"http:\/\/fundacja50plus.pl\/index.php?rest_route=\/wp\/v2\/pages\/574\/revisions\/577"}],"wp:attachment":[{"href":"http:\/\/fundacja50plus.pl\/index.php?rest_route=%2Fwp%2Fv2%2Fmedia&parent=574"}],"curies":[{"name":"wp","href":"https:\/\/api.w.org\/{rel}","templated":true}]}}