{"id":579,"date":"2014-12-11T13:26:07","date_gmt":"2014-12-11T12:26:07","guid":{"rendered":"http:\/\/fundacja.tylda.pl\/?page_id=579"},"modified":"2014-12-11T13:26:07","modified_gmt":"2014-12-11T12:26:07","slug":"twoj-pomysl-na-pomoc","status":"publish","type":"page","link":"http:\/\/fundacja50plus.pl\/?page_id=579","title":{"rendered":"Tw\u00f3j pomys\u0142 na pomoc"},"content":{"rendered":"<div class=\"tlo_div\">\n<p>Je\u017celi chcesz si\u0119 w\u0142\u0105czy\u0107 i pom\u00f3c Fundacji w dzia\u0142aniach na rzecz os\u00f3b starszych, a Twoj\u0105 mocn\u0105 stron\u0105 jest kreatywno\u015b\u0107, zaproponuj\u00a0 nam nietypowy pomys\u0142 na organizacj\u0119 takich dzia\u0142a\u0144, kt\u00f3re nie b\u0119d\u0105 sprzeczne ze Statutem, nie wymagaj\u0105 du\u017cego funduszu i s\u0105 niezwykle istotne dla \u015brodowiska os\u00f3b starszych w zakresie aktywizacji zawodowej, integracji spo\u0142ecznej, realizacji pasji, sensownego zagospodarowania wolnego czasu, rozwi\u0105zywania podstawowych problem\u00f3w \u017cyciowych, itp.<\/p>\n<p><span style=\"color: #faee85;\"><strong>Masz pomys\u0142? Skontaktuj si\u0119 z nami, razem pomo\u017cemy \u2013<\/strong><\/span><\/p>\n<ol>\n<li><span style=\"color: #faee85;\"><strong> Ko\u017cuchowska 30, biurowiec \u201eB\u201d, lokal nr 12,<\/strong><\/span><\/li>\n<\/ol>\n<p><span style=\"color: #faee85;\"><strong>\u00a0<\/strong><strong>e-mail : <\/strong><a style=\"color: #faee85;\" href=\"mailto:biuro@fundacja50plus.pl\">biuro@fundacja50plus.pl<\/a><\/span><\/p>\n<\/div>\n","protected":false},"excerpt":{"rendered":"<p>Je\u017celi chcesz si\u0119 w\u0142\u0105czy\u0107 i pom\u00f3c Fundacji w dzia\u0142aniach na rzecz os\u00f3b starszych, a Twoj\u0105 mocn\u0105 stron\u0105 jest kreatywno\u015b\u0107, zaproponuj\u00a0 nam nietypowy pomys\u0142 na organizacj\u0119 takich dzia\u0142a\u0144, kt\u00f3re nie b\u0119d\u0105 sprzeczne ze Statutem, nie wymagaj\u0105 du\u017cego funduszu i s\u0105 niezwykle istotne dla \u015brodowiska os\u00f3b starszych w zakresie aktywizacji zawodowej, integracji spo\u0142ecznej, realizacji pasji, sensownego zagospodarowania wolnego czasu, rozwi\u0105zywania podstawowych problem\u00f3w \u017cyciowych, itp. Masz pomys\u0142? Skontaktuj si\u0119 z nami, razem pomo\u017cemy \u2013 Ko\u017cuchowska 30, biurowiec \u201eB\u201d, lokal nr 12, \u00a0e-mail : biuro@fundacja50plus.pl<\/p>\n","protected":false},"author":1,"featured_media":0,"parent":0,"menu_order":0,"comment_status":"closed","ping_status":"closed","template":"","meta":{"footnotes":""},"class_list":["post-579","page","type-page","status-publish","hentry"],"_links":{"self":[{"href":"http:\/\/fundacja50plus.pl\/index.php?rest_route=\/wp\/v2\/pages\/579","targetHints":{"allow":["GET"]}}],"collection":[{"href":"http:\/\/fundacja50plus.pl\/index.php?rest_route=\/wp\/v2\/pages"}],"about":[{"href":"http:\/\/fundacja50plus.pl\/index.php?rest_route=\/wp\/v2\/types\/page"}],"author":[{"embeddable":true,"href":"http:\/\/fundacja50plus.pl\/index.php?rest_route=\/wp\/v2\/users\/1"}],"replies":[{"embeddable":true,"href":"http:\/\/fundacja50plus.pl\/index.php?rest_route=%2Fwp%2Fv2%2Fcomments&post=579"}],"version-history":[{"count":1,"href":"http:\/\/fundacja50plus.pl\/index.php?rest_route=\/wp\/v2\/pages\/579\/revisions"}],"predecessor-version":[{"id":580,"href":"http:\/\/fundacja50plus.pl\/index.php?rest_route=\/wp\/v2\/pages\/579\/revisions\/580"}],"wp:attachment":[{"href":"http:\/\/fundacja50plus.pl\/index.php?rest_route=%2Fwp%2Fv2%2Fmedia&parent=579"}],"curies":[{"name":"wp","href":"https:\/\/api.w.org\/{rel}","templated":true}]}}