{"id":581,"date":"2014-12-11T13:36:25","date_gmt":"2014-12-11T12:36:25","guid":{"rendered":"http:\/\/fundacja.tylda.pl\/?page_id=581"},"modified":"2014-12-11T13:36:25","modified_gmt":"2014-12-11T12:36:25","slug":"dlaczego-warto-pomagac","status":"publish","type":"page","link":"http:\/\/fundacja50plus.pl\/?page_id=581","title":{"rendered":"Dlaczego warto pomaga\u0107"},"content":{"rendered":"<div class=\"tlo_div\">\n<p><strong>14 powod\u00f3w dla kt\u00f3rych warto pomaga\u0107<\/strong><\/p>\n<ol>\n<li><strong>\u00a0<\/strong>Czy\u0144 dobro jak tylko mo\u017cesz. Wszystkimi \u015brodkami. Wszelkimi sposobami. We wszystkich miejscach. We wszelkim czasie, Dla wszystkich ludzi. Tak d\u0142ugo, jak \u00a0 tylko mo\u017cesz. <span style=\"color: #ffffff;\"><strong><em>John Wesley<\/em><\/strong><\/span><\/li>\n<\/ol>\n<ol start=\"2\">\n<li>\u00a0Niecz\u0119sto zdarzaj\u0105 si\u0119 naprawd\u0119 wyj\u0105tkowe i niezwyk\u0142e okazje, kiedy mo\u017cna komu\u015b pom\u00f3c. Ma\u0142e i zwyk\u0142e okazje zdarzaj\u0105 si\u0119 ka\u017cdego dnia. <span style=\"color: #ffffff;\"><strong><em>Sally Koch<\/em><\/strong><\/span><\/li>\n<\/ol>\n<ol start=\"3\">\n<li>\u00a0Ka\u017cdy mo\u017ce by\u0107 wielki\u2026 a to dlatego, \u017ce ka\u017cdy mo\u017ce pomaga\u0107 i s\u0142u\u017cy\u0107 innym. Nie \u00a0potrzebny do tego \u017caden dyplom wy\u017cszej uczelni. Jedyne co potrzeba, to serca pe\u0142nego \u0142aski i duszy, ulepionej z mi\u0142o\u015bci. <strong><em><span style=\"color: #ffffff;\">Martin Luther King<\/span><\/em><\/strong><\/li>\n<\/ol>\n<ol start=\"4\">\n<li>Bogatym nie jest ten, kto posiada, ale ten, kto \u201erozdaje\u201d, kto zdolny jest dawa\u0107.<span style=\"color: #ffffff;\"><strong> <em>Jan<\/em><\/strong><strong><em>\u00a0Pawe\u0142 II<\/em><\/strong><\/span><\/li>\n<\/ol>\n<ol start=\"5\">\n<li>Zaprawd\u0119, powiadam wam: Wszystko, co uczynili\u015bcie jednemu z tych braci moich najmniejszych, Mnie\u015bcie uczynili. <span style=\"color: #ffffff;\"><strong><em>Mt 25, 40<\/em><\/strong><\/span><\/li>\n<\/ol>\n<ol start=\"6\">\n<li>Nie mog\u0119 Ci powiedzie\u0107, co jest Twoim przeznaczeniem, ale jest co\u015b czego jestem pewien \u2013 tylko Ci spo\u015br\u00f3d Was stan\u0105 si\u0119 naprawd\u0119 szcz\u0119\u015bliwymi, kt\u00f3ry szukali i \u00a0znale\u017ali w sobie potrzeb\u0119 pomagania i s\u0142u\u017cenia innym. <span style=\"color: #ffffff;\"><strong><em>Albert Schweitzer<\/em><\/strong><\/span><\/li>\n<\/ol>\n<ol start=\"7\">\n<li>Najlepszym sposobem na uszcz\u0119\u015bliwienie samego siebie jest uszcz\u0119\u015bliwi\u0107 drugiego cz\u0142owieka.<span style=\"color: #ffffff;\"><em> <strong>Seneca<\/strong><\/em><\/span><\/li>\n<\/ol>\n<ol start=\"8\">\n<li>Ludzie sukcesu, zawsze szukaj\u0105 okazji by pom\u00f3c innym. Ludzie, kt\u00f3rym tego \u00a0sukcesu nie uda\u0142o si\u0119 osi\u0105gn\u0105\u0107 natomiast pytaj\u0105: \u201eA co ja z tego b\u0119d\u0119 mia\u0142?\u201d<span style=\"color: #ffffff;\"><strong> <em>Brian Tracy<\/em><\/strong><\/span><\/li>\n<\/ol>\n<ol start=\"9\">\n<li>Nie m\u00f3w dziecku, jak bardzo je kochasz; poka\u017c mu to, po\u015bwi\u0119caj\u0105c mu sw\u00f3j czas. \u00a0<span style=\"color: #ffffff;\"><strong><em>Urlich Schaffer<\/em><\/strong><\/span><\/li>\n<\/ol>\n<ol start=\"10\">\n<li>To prawda, \u017ce je\u015bli my zatroszczymy si\u0119 o innych, B\u00f3g zatroszczy si\u0119 o nas \u2013 i przy tym zrobi to o wiele lepiej, ni\u017c by\u015bmy zrobili to sami. <span style=\"color: #ffffff;\"><strong><em>Arthur E. Yensen<\/em><\/strong><\/span><\/li>\n<\/ol>\n<ol start=\"11\">\n<li>Praw\u00addziw\u0105 spra\u00adwied\u00adli\u00adwo\u015bci\u0105 jest\u00a0prze\u017cy\u0107 to\u00a0co\u00a0si\u0119 uczy\u00adni\u0142o innym. <span style=\"color: #ffffff;\"><strong>Arystoteles<\/strong><\/span><\/li>\n<\/ol>\n<ol start=\"12\">\n<li>Naj\u00adbar\u00addziej przeszkadza ludzkiemu \u017cyciu ten, kto po\u00adsiadaj\u0105c dob\u00adro wy\u00adbiera z\u0142o.\u00a0<span style=\"color: #ffffff;\"><strong><a target=\"_blank\" rel=\"nofollow\" href=\"http:\/\/fundacja50plus.pl\/?goto=http%3A%2F%2Fwww.cytaty.info%2Fautor%2Fcyceron.htm\" style=\"color: #ffffff;\" >Cyceron<\/a><\/strong><\/span><\/li>\n<\/ol>\n<ol start=\"13\">\n<li>\u00a0&#8222;Ludzie s\u0105 wie\u00adcznie nieza\u00addowo\u00adleni. Kiedy maj\u0105 niewiele, chc\u0105 wi\u0119cej. Kiedy maj\u0105 du\u017co, chc\u0105 jeszcze wi\u0119cej. A kiedy ju\u017c to osi\u0105gn\u0105 t\u0119skni\u0105 za pros\u00adtym, skrom\u00adnym \u017cyciem, ty\u00adle \u00a0tyl\u00adko, \u017ce nic w tym kierun\u00adku nie czyni\u0105&#8221;. <span style=\"color: #ffffff;\"><strong><em>Paulo Coelho<\/em><\/strong><\/span><\/li>\n<li>\u00a0Kiedy wyci\u0119te zostanie ostatnie drzewo, ostatnia rzeka zostanie zatruta i zginie ostatnia \u00a0ryba &#8211; odkryjemy, \u017ce nie mo\u017cna je\u015b\u0107 pieni\u0119dzy.<span style=\"color: #ffffff;\"><em> <strong>Przys\u0142owie india\u0144skie<\/strong><\/em><\/span><\/li>\n<\/ol>\n<\/div>\n","protected":false},"excerpt":{"rendered":"<p>14 powod\u00f3w dla kt\u00f3rych warto pomaga\u0107 \u00a0Czy\u0144 dobro jak tylko mo\u017cesz. Wszystkimi \u015brodkami. Wszelkimi sposobami. We wszystkich miejscach. We wszelkim czasie, Dla wszystkich ludzi. Tak d\u0142ugo, jak \u00a0 tylko mo\u017cesz. John Wesley \u00a0Niecz\u0119sto zdarzaj\u0105 si\u0119 naprawd\u0119 wyj\u0105tkowe i niezwyk\u0142e okazje, kiedy mo\u017cna komu\u015b pom\u00f3c. Ma\u0142e i zwyk\u0142e okazje zdarzaj\u0105 si\u0119 ka\u017cdego dnia. Sally Koch \u00a0Ka\u017cdy mo\u017ce by\u0107 wielki\u2026 a to dlatego, \u017ce ka\u017cdy mo\u017ce pomaga\u0107 i s\u0142u\u017cy\u0107 innym. Nie \u00a0potrzebny do tego \u017caden dyplom wy\u017cszej uczelni. Jedyne co potrzeba, to serca pe\u0142nego \u0142aski i duszy, ulepionej z mi\u0142o\u015bci. Martin Luther King Bogatym nie jest ten, kto posiada, ale ten, kto \u201erozdaje\u201d, kto zdolny jest dawa\u0107. Jan\u00a0Pawe\u0142 II Zaprawd\u0119, powiadam wam: [&hellip;]<\/p>\n","protected":false},"author":1,"featured_media":0,"parent":0,"menu_order":0,"comment_status":"closed","ping_status":"closed","template":"","meta":{"footnotes":""},"class_list":["post-581","page","type-page","status-publish","hentry"],"_links":{"self":[{"href":"http:\/\/fundacja50plus.pl\/index.php?rest_route=\/wp\/v2\/pages\/581","targetHints":{"allow":["GET"]}}],"collection":[{"href":"http:\/\/fundacja50plus.pl\/index.php?rest_route=\/wp\/v2\/pages"}],"about":[{"href":"http:\/\/fundacja50plus.pl\/index.php?rest_route=\/wp\/v2\/types\/page"}],"author":[{"embeddable":true,"href":"http:\/\/fundacja50plus.pl\/index.php?rest_route=\/wp\/v2\/users\/1"}],"replies":[{"embeddable":true,"href":"http:\/\/fundacja50plus.pl\/index.php?rest_route=%2Fwp%2Fv2%2Fcomments&post=581"}],"version-history":[{"count":7,"href":"http:\/\/fundacja50plus.pl\/index.php?rest_route=\/wp\/v2\/pages\/581\/revisions"}],"predecessor-version":[{"id":589,"href":"http:\/\/fundacja50plus.pl\/index.php?rest_route=\/wp\/v2\/pages\/581\/revisions\/589"}],"wp:attachment":[{"href":"http:\/\/fundacja50plus.pl\/index.php?rest_route=%2Fwp%2Fv2%2Fmedia&parent=581"}],"curies":[{"name":"wp","href":"https:\/\/api.w.org\/{rel}","templated":true}]}}