{"id":656,"date":"2017-12-02T17:58:00","date_gmt":"2017-12-02T16:58:00","guid":{"rendered":"http:\/\/fundacja50plus.pl\/?page_id=656"},"modified":"2017-12-02T17:58:00","modified_gmt":"2017-12-02T16:58:00","slug":"koperta-zycia","status":"publish","type":"page","link":"http:\/\/fundacja50plus.pl\/?page_id=656","title":{"rendered":"Koperta \u017cycia"},"content":{"rendered":"<p>\u201eKoperta \u017cycia\u201d to jest akcja naszej Fundacji do kt\u00f3rej zach\u0119caj\u0105 lekarze i ratownicy medyczni. Szczeg\u00f3lnie wa\u017cna dla senior\u00f3w, os\u00f3b przewlekle chorych, mieszkaj\u0105cych samotnie, jak r\u00f3wnie\u017c Dom\u00f3w Pomocy Spo\u0142ecznej, zak\u0142ad\u00f3w opieku\u0144czo- leczniczych, dom\u00f3w spokojnej staro\u015bci, o\u015brodk\u00f3w dziennego pobytu dla senior\u00f3w oraz os\u00f3b z zaburzon\u0105 pami\u0119ci\u0105.<\/p>\n<p>Z naszej strony internetowej mo\u017cna pobra\u0107 i wydrukowa\u0107 potrzebne pliki, zapozna\u0107 si\u0119, jak nale\u017cy wype\u0142nia\u0107 Kopert\u0119 \u017cycia, pami\u0119ta\u0107 nale\u017cy o potwierdzeniu danych przez lekarza rodzinnego, aby wszystkie dane by\u0142y wiarygodne. Kopert\u0119 nale\u017cy umie\u015bci\u0107 w og\u00f3lnie dost\u0119pnym miejscu \/ np. lod\u00f3wce \/ a dla wskazania miejsca \u2013 naklei\u0107 nalepk\u0119. Fundacja dysponuje tak\u017ce specjalnymi opakowaniami plastikowymi zabezpieczaj\u0105cymi Kopert\u0119 przed uszkodzeniem. W najbli\u017cszym czasie Fundacja b\u0119dzie dysponowa\u0142a tak\u017ce specjalnymi opaskami na r\u0119k\u0119, na kt\u00f3rych b\u0119d\u0105 podstawowe dane przydatne dla ratownik\u00f3w medycznych.<\/p>\n<p>Do pobrania:<\/p>\n<p><a href=\"http:\/\/fundacja50plus.pl\/wp-content\/uploads\/2017\/12\/a9b00ae10cb3322a207d1e5646f42b6a.pdf\">Dlaczego warto mie\u0107 kopert\u0119 \u017cycia?<\/a><br \/>\n<a href=\"http:\/\/fundacja50plus.pl\/wp-content\/uploads\/2017\/12\/da4dec11ce701f839d466e79a64dc9d9.pdf\">Jak wype\u0142ni\u0107?<\/a><br \/>\nKarta informacyjna \u2013 <a href=\"http:\/\/fundacja50plus.pl\/wp-content\/uploads\/2017\/12\/koperta-zycia-str.1.pdf\">str.1<\/a> i <a href=\"http:\/\/fundacja50plus.pl\/wp-content\/uploads\/2017\/12\/Koperta-str-2.pdf\">str.2<\/a><br \/>\n<a href=\"http:\/\/fundacja50plus.pl\/wp-content\/uploads\/2017\/12\/Nalepka.pdf\">Nalepka<\/a><\/p>\n","protected":false},"excerpt":{"rendered":"<p>\u201eKoperta \u017cycia\u201d to jest akcja naszej Fundacji do kt\u00f3rej zach\u0119caj\u0105 lekarze i ratownicy medyczni. Szczeg\u00f3lnie wa\u017cna dla senior\u00f3w, os\u00f3b przewlekle chorych, mieszkaj\u0105cych samotnie, jak r\u00f3wnie\u017c Dom\u00f3w Pomocy Spo\u0142ecznej, zak\u0142ad\u00f3w opieku\u0144czo- leczniczych, dom\u00f3w spokojnej staro\u015bci, o\u015brodk\u00f3w dziennego pobytu dla senior\u00f3w oraz os\u00f3b z zaburzon\u0105 pami\u0119ci\u0105. Z naszej strony internetowej mo\u017cna pobra\u0107 i wydrukowa\u0107 potrzebne pliki, zapozna\u0107 si\u0119, jak nale\u017cy wype\u0142nia\u0107 Kopert\u0119 \u017cycia, pami\u0119ta\u0107 nale\u017cy o potwierdzeniu danych przez lekarza rodzinnego, aby wszystkie dane by\u0142y wiarygodne. Kopert\u0119 nale\u017cy umie\u015bci\u0107 w og\u00f3lnie dost\u0119pnym miejscu \/ np. lod\u00f3wce \/ a dla wskazania miejsca \u2013 naklei\u0107 nalepk\u0119. Fundacja dysponuje tak\u017ce specjalnymi opakowaniami plastikowymi zabezpieczaj\u0105cymi Kopert\u0119 przed uszkodzeniem. W najbli\u017cszym czasie Fundacja b\u0119dzie dysponowa\u0142a tak\u017ce specjalnymi [&hellip;]<\/p>\n","protected":false},"author":1,"featured_media":0,"parent":0,"menu_order":0,"comment_status":"closed","ping_status":"closed","template":"","meta":{"footnotes":""},"class_list":["post-656","page","type-page","status-publish","hentry"],"_links":{"self":[{"href":"http:\/\/fundacja50plus.pl\/index.php?rest_route=\/wp\/v2\/pages\/656","targetHints":{"allow":["GET"]}}],"collection":[{"href":"http:\/\/fundacja50plus.pl\/index.php?rest_route=\/wp\/v2\/pages"}],"about":[{"href":"http:\/\/fundacja50plus.pl\/index.php?rest_route=\/wp\/v2\/types\/page"}],"author":[{"embeddable":true,"href":"http:\/\/fundacja50plus.pl\/index.php?rest_route=\/wp\/v2\/users\/1"}],"replies":[{"embeddable":true,"href":"http:\/\/fundacja50plus.pl\/index.php?rest_route=%2Fwp%2Fv2%2Fcomments&post=656"}],"version-history":[{"count":3,"href":"http:\/\/fundacja50plus.pl\/index.php?rest_route=\/wp\/v2\/pages\/656\/revisions"}],"predecessor-version":[{"id":664,"href":"http:\/\/fundacja50plus.pl\/index.php?rest_route=\/wp\/v2\/pages\/656\/revisions\/664"}],"wp:attachment":[{"href":"http:\/\/fundacja50plus.pl\/index.php?rest_route=%2Fwp%2Fv2%2Fmedia&parent=656"}],"curies":[{"name":"wp","href":"https:\/\/api.w.org\/{rel}","templated":true}]}}